{"id":10348,"date":"2019-02-14T19:16:01","date_gmt":"2019-02-14T19:16:01","guid":{"rendered":"http:\/\/bergen.katolsk.no\/?page_id=10348"},"modified":"2024-01-25T13:50:53","modified_gmt":"2024-01-25T13:50:53","slug":"marialegionen","status":"publish","type":"page","link":"https:\/\/bergen.katolsk.no\/?page_id=10348","title":{"rendered":"Marialegionen"},"content":{"rendered":"\n<figure class=\"wp-block-image\"><img loading=\"lazy\" decoding=\"async\" width=\"1024\" height=\"333\" src=\"https:\/\/bergen.katolsk.no\/wp-content\/uploads\/2019\/03\/Marialegionen-1024x333.png\" alt=\"\" class=\"wp-image-10525\" srcset=\"https:\/\/bergen.katolsk.no\/wp-content\/uploads\/2019\/03\/Marialegionen-1024x333.png 1024w, https:\/\/bergen.katolsk.no\/wp-content\/uploads\/2019\/03\/Marialegionen-300x98.png 300w, https:\/\/bergen.katolsk.no\/wp-content\/uploads\/2019\/03\/Marialegionen-768x250.png 768w, https:\/\/bergen.katolsk.no\/wp-content\/uploads\/2019\/03\/Marialegionen-956x311.png 956w, https:\/\/bergen.katolsk.no\/wp-content\/uploads\/2019\/03\/Marialegionen.png 1063w\" sizes=\"auto, (max-width: 1024px) 100vw, 1024px\" \/><\/figure>\n\n\n\n<p>PPC &#8211; Peregrenatio Pro Christo or Pilgrimage for Christ &#8211; engang i \u00e5r.<\/p>\n\n\n\n<p>Kontaktpersoner: <\/p>\n\n\n\n<p>p.Cruf Climaco (engelsk) mobil 40409518 og Dom Gregor Orkisz (norsk) mobil 47699414<\/p>\n\n\n\n<p>Spiritual Directors Curia Bergen,<\/p>\n\n\n\n<p><\/p>\n\n\n\n<p>Curia Leder: Sofia Estrada,\u00a0<\/p>\n\n\n\n<p>Mob.nr. 965 07238<\/p>\n\n\n\n<p>Epost: <a href=\"mailto:pianonong@gmail.com\">pianonong@gmail.com<\/a>&nbsp;<\/p>\n\n\n\n<p>Curia nestleder: Ronaldo David Estrada<\/p>\n\n\n\n<p>Mob.nr. 913 33&nbsp;822<\/p>\n\n\n\n<p>E-post: <a href=\"mailto:estrada_ronnie@ymail.com\"><strong>estrada_ronnie@ymail.com<\/strong><\/a><\/p>\n\n\n\n<p>Elizabeth von Atzigen<\/p>\n\n\n\n<p>Correspondent,\nComitium Z\u00fcrich<\/p>\n\n\n\n<p>E-post: <a href=\"mailto:elizabeth.vonatzigen@gmail.com\"><strong>elizabeth.vonatzigen@gmail.com<\/strong><\/a><\/p>\n\n\n\n<p>Mob.nr. +41 76&nbsp;324 55 27<\/p>\n\n\n\n<p>Maria Legionen ble etablert i Bergen i 2014, og det finnes 5 grupper i <\/p>\n\n\n\n<p>Hordaland med internasjonale medlemmer.<\/p>\n\n\n\n<p>( Norsk, Meksikansk, Polsk, Sri Lanka, Kongolesisk, Sierra\nLeone Vest-Afrika, Britisk og Filippinsk)<\/p>\n\n\n\n<p>Aktiviteter: <\/p>\n\n\n\n<p>Gruppem\u00f8te hver onsdag i St. Paul Kirke (Krypten) kl. 18:00 til kl.19:30.<\/p>\n\n\n\n<p>Maria Legionen har samarbeid med S\u00f8strene fra Missionaries of Charity og v\u00e5r oppgave best\u00e5r i bes\u00f8k av&nbsp;<a href=\"https:\/\/no.wikipedia.org\/wiki\/Fengsel\">fengsler<\/a>&nbsp;og aldershjem, og hjelp til menighetens aktiviteter.<\/p>\n\n\n\n<p>Spesielle feiringer og fester:<\/p>\n\n\n\n<p>ACIES Ceremony &#8211; mars m\u00e5ned.<\/p>\n\n\n\n<p>PPC &#8211; Peregrenatio Pro Christo or Pilgrimage for Christ \u2013\nen gang i \u00e5ret.<\/p>\n\n\n\n<p><a rel=\"noreferrer noopener\" href=\"https:\/\/www.legionofmary.ie\/\" target=\"_blank\">Les mer om Marialegionen <\/a>p\u00e5 engelsk<a rel=\"noreferrer noopener\" href=\"https:\/\/www.legionofmary.ie\/\" target=\"_blank\">: <\/a><br><a rel=\"noreferrer noopener\" href=\"https:\/\/www.legionofmary.ie\/\" target=\"_blank\"> <\/a><br><br><\/p>\n\n\n\n<p><\/p>\n\n\n\n<p> <\/p>\n","protected":false},"excerpt":{"rendered":"<p>PPC &#8211; Peregrenatio Pro Christo or Pilgrimage for Christ &#8211; engang i \u00e5r. Kontaktpersoner: p.Cruf Climaco (engelsk) mobil 40409518 og<\/p>\n","protected":false},"author":6,"featured_media":0,"parent":0,"menu_order":0,"comment_status":"closed","ping_status":"closed","template":"","meta":{"colormag_page_container_layout":"default_layout","colormag_page_sidebar_layout":"default_layout","_exactmetrics_skip_tracking":false,"_exactmetrics_sitenote_active":false,"_exactmetrics_sitenote_note":"","_exactmetrics_sitenote_category":0,"footnotes":""},"class_list":["post-10348","page","type-page","status-publish","hentry"],"_links":{"self":[{"href":"https:\/\/bergen.katolsk.no\/index.php?rest_route=\/wp\/v2\/pages\/10348","targetHints":{"allow":["GET"]}}],"collection":[{"href":"https:\/\/bergen.katolsk.no\/index.php?rest_route=\/wp\/v2\/pages"}],"about":[{"href":"https:\/\/bergen.katolsk.no\/index.php?rest_route=\/wp\/v2\/types\/page"}],"author":[{"embeddable":true,"href":"https:\/\/bergen.katolsk.no\/index.php?rest_route=\/wp\/v2\/users\/6"}],"replies":[{"embeddable":true,"href":"https:\/\/bergen.katolsk.no\/index.php?rest_route=%2Fwp%2Fv2%2Fcomments&post=10348"}],"version-history":[{"count":10,"href":"https:\/\/bergen.katolsk.no\/index.php?rest_route=\/wp\/v2\/pages\/10348\/revisions"}],"predecessor-version":[{"id":19087,"href":"https:\/\/bergen.katolsk.no\/index.php?rest_route=\/wp\/v2\/pages\/10348\/revisions\/19087"}],"wp:attachment":[{"href":"https:\/\/bergen.katolsk.no\/index.php?rest_route=%2Fwp%2Fv2%2Fmedia&parent=10348"}],"curies":[{"name":"wp","href":"https:\/\/api.w.org\/{rel}","templated":true}]}}