{"id":11791,"date":"2019-08-09T08:24:28","date_gmt":"2019-08-09T08:24:28","guid":{"rendered":"http:\/\/bergen.katolsk.no\/?page_id=11791"},"modified":"2025-04-09T12:45:46","modified_gmt":"2025-04-09T12:45:46","slug":"den-gode-hyrde-katekese-kurs-for-voksne","status":"publish","type":"page","link":"https:\/\/bergen.katolsk.no\/?page_id=11791","title":{"rendered":"Den Gode Hyrde Katekese-kurs for voksne"},"content":{"rendered":"\n<p><\/p>\n\n\n\n<ul class=\"wp-block-list\">\n<li>Mer informasjon om Den Gode Hyrde &#8211; Katekese, kan du finne her: <a aria-label=\" (opens in a new tab)\" href=\"https:\/\/dengodehyrde.katolsk.no\/\" target=\"_blank\" rel=\"noreferrer noopener\">https:\/\/dengodehyrde.katolsk.no\/<\/a><\/li>\n\n\n\n<li>\u00d8nsker du \u00e5 delta p\u00e5 kurs, kontakt: Reidun Jofrid Kleppestrand, <a href=\"mailto:katekese.bergen@katolsk.no\">katekese.bergen@katolsk.no<\/a>, tlf. 55 21 59 56\/408 85 489<\/li>\n<\/ul>\n\n\n\n<div data-wp-interactive=\"core\/file\" class=\"wp-block-file\"><object data-wp-bind--hidden=\"!state.hasPdfPreview\" hidden class=\"wp-block-file__embed\" data=\"https:\/\/bergen.katolsk.no\/wp-content\/uploads\/2025\/04\/Norway-Formation-Information-PDF.pdf\" type=\"application\/pdf\" style=\"width:100%;height:600px\" aria-label=\"Embed of Norway Formation Information PDF.\"><\/object><a id=\"wp-block-file--media-fe5c214f-ef4f-43a5-97d5-cf243af9b28a\" href=\"https:\/\/bergen.katolsk.no\/wp-content\/uploads\/2025\/04\/Norway-Formation-Information-PDF.pdf\">Norway Formation Information PDF<\/a><a href=\"https:\/\/bergen.katolsk.no\/wp-content\/uploads\/2025\/04\/Norway-Formation-Information-PDF.pdf\" class=\"wp-block-file__button wp-element-button\" download aria-describedby=\"wp-block-file--media-fe5c214f-ef4f-43a5-97d5-cf243af9b28a\">Download<\/a><\/div>\n\n\n\n<p><\/p>\n","protected":false},"excerpt":{"rendered":"","protected":false},"author":9,"featured_media":0,"parent":0,"menu_order":0,"comment_status":"closed","ping_status":"closed","template":"","meta":{"colormag_page_container_layout":"default_layout","colormag_page_sidebar_layout":"default_layout","_exactmetrics_skip_tracking":false,"_exactmetrics_sitenote_active":false,"_exactmetrics_sitenote_note":"","_exactmetrics_sitenote_category":0,"footnotes":""},"class_list":["post-11791","page","type-page","status-publish","hentry"],"_links":{"self":[{"href":"https:\/\/bergen.katolsk.no\/index.php?rest_route=\/wp\/v2\/pages\/11791","targetHints":{"allow":["GET"]}}],"collection":[{"href":"https:\/\/bergen.katolsk.no\/index.php?rest_route=\/wp\/v2\/pages"}],"about":[{"href":"https:\/\/bergen.katolsk.no\/index.php?rest_route=\/wp\/v2\/types\/page"}],"author":[{"embeddable":true,"href":"https:\/\/bergen.katolsk.no\/index.php?rest_route=\/wp\/v2\/users\/9"}],"replies":[{"embeddable":true,"href":"https:\/\/bergen.katolsk.no\/index.php?rest_route=%2Fwp%2Fv2%2Fcomments&post=11791"}],"version-history":[{"count":8,"href":"https:\/\/bergen.katolsk.no\/index.php?rest_route=\/wp\/v2\/pages\/11791\/revisions"}],"predecessor-version":[{"id":30177,"href":"https:\/\/bergen.katolsk.no\/index.php?rest_route=\/wp\/v2\/pages\/11791\/revisions\/30177"}],"wp:attachment":[{"href":"https:\/\/bergen.katolsk.no\/index.php?rest_route=%2Fwp%2Fv2%2Fmedia&parent=11791"}],"curies":[{"name":"wp","href":"https:\/\/api.w.org\/{rel}","templated":true}]}}