{"id":1211,"date":"2015-04-10T21:52:26","date_gmt":"2015-04-10T21:52:26","guid":{"rendered":"http:\/\/bergen.katolsk.no\/?page_id=1211"},"modified":"2026-03-21T09:07:56","modified_gmt":"2026-03-21T09:07:56","slug":"messer-i-sogn-og-fjordane","status":"publish","type":"page","link":"https:\/\/bergen.katolsk.no\/?page_id=1211","title":{"rendered":"Messer i Sogn og Fjordane"},"content":{"rendered":"<address><address>\u00a0<\/address>\n<h3><strong>P\u00c5SKEMESSER SOGN OG FJORDANE 2026<\/strong><\/h3>\n<h6><strong>F\u00d8RDE<\/strong><\/h6>\n<p>Skj\u00e6rtorsdag 2\/4 kl. messe 20.30<\/p>\n<p>Langfredag 3\/4 kl. 15.00 Korsveien<\/p>\n<p>Velsignelse av p\u00e5skematen 4\/4 kl. 10.30, 11.00 og 11.30<\/p>\n<p>P\u00e5skeaften 4\/4 messe kl. 21 .00<\/p>\n<p>P\u00e5skedag 5\/4 i kl. 08.00 og kl. 11.00<\/p>\n<p>Mandag i p\u00e5skeoktaven 6\/4 i kl. 11.00<\/p>\n<h6><strong>EID<\/strong><\/h6>\n<p>P\u00e5skeaften 4\/4 kl. 09.30 messe p\u00e5 norsk\/tamilsk<\/p>\n<h6><strong>FLOR\u00d8<\/strong><\/h6>\n<p>P\u00e5skeaften 4\/4 kl. 13.00 messe p\u00e5 norsk\/tamilsk<\/p>\n<h6><strong>LOEN<\/strong><\/h6>\n<p>Skj\u00e6rtorsdag 2\/4 kl. Skriftem\u00e5l kl. 16.00 Messe kl. 17.00<\/p>\n<p>Langfredag 3\/4 Korsvei. Hvis v\u00e6ret blir fint, m\u00f8tes vi kl. 16.30 ute i terrenget i Lodalen.<br \/>Hvis det blir regn, m\u00f8tes vi kl. 18.00 i kirken.<\/p>\n<p>P\u00e5skeaften 4\/4 kl. Kl. 16.30: P\u00e5skevake. Etter liturgien blir det velsignelse av p\u00e5skematen.<\/p>\n<p>F\u00f8rste P\u00e5skedag 5\/4 messe kl 17.00<\/p>\n<h6><strong>\u00c5RDAL<\/strong><\/h6>\n<p>Andre p\u00e5skedag 6.04, kl. 17.00<\/p>\n<address>\n<h2><strong>ORDIN\u00c6R MESSEPLAN FOR SOGN OG FJORDANE\u00a0<\/strong><\/h2>\n<h3><strong>F\u00d8RDE s\u00f8ndag: F\u00f8rde Bedehus, Presteb\u00f8en 17, 6800 F\u00f8rde<\/strong><\/h3>\n<p>Messe hverdager i kapellet i Hafstadvegen 29 kl. 19.00 Vennligst sjekk nettsiden\u00a0<a href=\"https:\/\/kosciolforde.com\/\">kosciolforde.com<\/a>\u00a0i forkant, fordi det ikke er messe alle dagene.<\/p>\n<p><strong>Bedehuset<\/strong> hver s\u00f8ndag kl. 11.00<\/p>\n<p><strong>Presteg\u00e5rden<\/strong> andre s\u00f8ndag i m\u00e5neden <strong>kl. 11.00<\/strong> P. Beshman messe p\u00e5 norsk\u00a0<\/p>\n<p><strong>Bedehuset<\/strong> tredje s\u00f8ndag i m\u00e5neden <strong>kl. 13.00<\/strong> P. Cruf\u00a0 messe p\u00e5 engelsk<\/p>\n<h3><strong>EID:\u00a0<\/strong><strong>Eid kyrkje, Eidsgata 71, 6770 Nordfjordeid<\/strong><\/h3>\n<p>Fjerde l\u00f8rdag i mnd. kl. 17.00 P. Zygmunt (kl. 16.30-18.30)<\/p>\n<p>L\u00f8rdag f\u00f8r andre s\u00f8ndag i mnd. kl. 17.00 P. Beshman (katekese kl. 16)<\/p>\n<h3><strong>FLOR\u00d8:\u00a0<\/strong><strong>Flor\u00f8 Kyrkje, Hans Blomgate 1, 6900 Flor\u00f8<\/strong><\/h3>\n<p>Andre s\u00f8ndag kl. Katekese kl 14.00, Messe p\u00e5 norsk\/tamilsk kl 15.00, P. Beshman\u00a0<\/p>\n<p>Tredje l\u00f8rdag kl. 17.00 P. Zygmunt\u00a0 (Katekese kl 16.00)<\/p>\n<h3><strong>LOEN:\u00a0<\/strong><strong>Loen kyrkje, Rv60 226, 6789 Loen<\/strong><\/h3>\n<p>F\u00f8rste og tredje s\u00f8ndag i mnd. Kl. 17.00 P. Zygmunt<\/p>\n<h3><strong>SOGNDAL:\u00a0<\/strong><strong>R\u00f8dekorshuset, Sogndal, Granden 43, 6856 Sogndal<\/strong><\/h3>\n<p>L\u00f8rdag f\u00f8r andre s\u00f8ndag i mnd. Katekese kl 11.00, Messe p\u00e5 norsk kl. 12.00 P. Beshman<\/p>\n<p>L\u00f8rdag f\u00f8r tredje s\u00f8ndag i mnd. kl. 14.00 p Cruf <strong>NB: tiden er endret!<\/strong><\/p>\n<h3><strong>VIK: Vik kyrkje, Riksvei 13, 6893 Vik i Sogn<\/strong><\/h3>\n<p>Fjerde s\u00f8ndag i mnd. kl. 17.00 P. Zygmunt<\/p>\n<h3><strong>\u00c5RDAL: Kyrkjelydhuset, Tangevegen 24, 6885 \u00c5rdalstangen<\/strong><\/h3>\n<p>Andre s\u00f8ndag i mnd. kl. 17.00 P. Zygmunt<\/p>\n<p><strong><em>OBS Endringer kan skje! Sjekk hjemmesiden.\u00a0<\/em><\/strong><\/p>\n<p><a href=\"https:\/\/kosciolforde.com\/\">kosciolforde.com<\/a><\/p>\n<ol>\n<li>Zygmunt Majcher: 40036342<\/li>\n<\/ol>\n<p><em>Anne Samuelsen: anne.samuelsen@katolsk.no\u00a0\u00a0<\/em><\/p>\n<\/address><\/address><address><address>\u00a0<\/address><\/address>\n\n\n<p><\/p>\n","protected":false},"excerpt":{"rendered":"<p>\u00a0 P\u00c5SKEMESSER SOGN OG FJORDANE 2026 F\u00d8RDE Skj\u00e6rtorsdag 2\/4 kl. messe 20.30 Langfredag 3\/4 kl. 15.00 Korsveien Velsignelse av p\u00e5skematen<\/p>\n","protected":false},"author":1,"featured_media":0,"parent":58,"menu_order":0,"comment_status":"closed","ping_status":"closed","template":"","meta":{"colormag_page_container_layout":"default_layout","colormag_page_sidebar_layout":"default_layout","_exactmetrics_skip_tracking":false,"_exactmetrics_sitenote_active":false,"_exactmetrics_sitenote_note":"","_exactmetrics_sitenote_category":0,"footnotes":""},"class_list":["post-1211","page","type-page","status-publish","hentry"],"_links":{"self":[{"href":"https:\/\/bergen.katolsk.no\/index.php?rest_route=\/wp\/v2\/pages\/1211","targetHints":{"allow":["GET"]}}],"collection":[{"href":"https:\/\/bergen.katolsk.no\/index.php?rest_route=\/wp\/v2\/pages"}],"about":[{"href":"https:\/\/bergen.katolsk.no\/index.php?rest_route=\/wp\/v2\/types\/page"}],"author":[{"embeddable":true,"href":"https:\/\/bergen.katolsk.no\/index.php?rest_route=\/wp\/v2\/users\/1"}],"replies":[{"embeddable":true,"href":"https:\/\/bergen.katolsk.no\/index.php?rest_route=%2Fwp%2Fv2%2Fcomments&post=1211"}],"version-history":[{"count":357,"href":"https:\/\/bergen.katolsk.no\/index.php?rest_route=\/wp\/v2\/pages\/1211\/revisions"}],"predecessor-version":[{"id":30319,"href":"https:\/\/bergen.katolsk.no\/index.php?rest_route=\/wp\/v2\/pages\/1211\/revisions\/30319"}],"up":[{"embeddable":true,"href":"https:\/\/bergen.katolsk.no\/index.php?rest_route=\/wp\/v2\/pages\/58"}],"wp:attachment":[{"href":"https:\/\/bergen.katolsk.no\/index.php?rest_route=%2Fwp%2Fv2%2Fmedia&parent=1211"}],"curies":[{"name":"wp","href":"https:\/\/api.w.org\/{rel}","templated":true}]}}