{"id":124,"date":"2014-10-03T20:53:53","date_gmt":"2014-10-03T20:53:53","guid":{"rendered":"http:\/\/bergen.katolsk.no\/?page_id=124"},"modified":"2014-10-03T20:53:53","modified_gmt":"2014-10-03T20:53:53","slug":"begravelse","status":"publish","type":"page","link":"https:\/\/bergen.katolsk.no\/?page_id=124","title":{"rendered":"Begravelse"},"content":{"rendered":"<p style=\"text-align: justify;\">N\u00e5r det er et d\u00f8dsfall i familien, skal man kontakte Menighetskontoret (55 21 59 50) eller en av prestene for \u00e5 fastsette tidspunkt for begravelse\/bisettelse. Dette skjer i samarbeid med et begravelsesbyr\u00e5.<\/p>\n<p style=\"text-align: justify;\">Begravelsen foreg\u00e5r fra St. Paul kirke, hvor det feires rekviemmesse. Derfra drar man til kirkeg\u00e5rden. St. Paul menighet har ingen egen gravplass. Hvis familien ikke har eget gravsted, bruker man den kirkeg\u00e5rden som ligger n\u00e6rmest den avd\u00f8des tidligere bosted.<\/p>\n","protected":false},"excerpt":{"rendered":"<p>N\u00e5r det er et d\u00f8dsfall i familien, skal man kontakte Menighetskontoret (55 21 59 50) eller en av prestene for<\/p>\n","protected":false},"author":1,"featured_media":0,"parent":108,"menu_order":0,"comment_status":"closed","ping_status":"closed","template":"","meta":{"colormag_page_container_layout":"default_layout","colormag_page_sidebar_layout":"default_layout","_exactmetrics_skip_tracking":false,"_exactmetrics_sitenote_active":false,"_exactmetrics_sitenote_note":"","_exactmetrics_sitenote_category":0,"footnotes":""},"class_list":["post-124","page","type-page","status-publish","hentry"],"_links":{"self":[{"href":"https:\/\/bergen.katolsk.no\/index.php?rest_route=\/wp\/v2\/pages\/124","targetHints":{"allow":["GET"]}}],"collection":[{"href":"https:\/\/bergen.katolsk.no\/index.php?rest_route=\/wp\/v2\/pages"}],"about":[{"href":"https:\/\/bergen.katolsk.no\/index.php?rest_route=\/wp\/v2\/types\/page"}],"author":[{"embeddable":true,"href":"https:\/\/bergen.katolsk.no\/index.php?rest_route=\/wp\/v2\/users\/1"}],"replies":[{"embeddable":true,"href":"https:\/\/bergen.katolsk.no\/index.php?rest_route=%2Fwp%2Fv2%2Fcomments&post=124"}],"version-history":[{"count":1,"href":"https:\/\/bergen.katolsk.no\/index.php?rest_route=\/wp\/v2\/pages\/124\/revisions"}],"predecessor-version":[{"id":125,"href":"https:\/\/bergen.katolsk.no\/index.php?rest_route=\/wp\/v2\/pages\/124\/revisions\/125"}],"up":[{"embeddable":true,"href":"https:\/\/bergen.katolsk.no\/index.php?rest_route=\/wp\/v2\/pages\/108"}],"wp:attachment":[{"href":"https:\/\/bergen.katolsk.no\/index.php?rest_route=%2Fwp%2Fv2%2Fmedia&parent=124"}],"curies":[{"name":"wp","href":"https:\/\/api.w.org\/{rel}","templated":true}]}}