{"id":1373,"date":"2015-05-13T17:51:10","date_gmt":"2015-05-13T17:51:10","guid":{"rendered":"http:\/\/bergen.katolsk.no\/?page_id=1373"},"modified":"2025-09-12T14:13:48","modified_gmt":"2025-09-12T14:13:48","slug":"ekteskapskurs","status":"publish","type":"page","link":"https:\/\/bergen.katolsk.no\/?page_id=1373","title":{"rendered":"Ekteskapskurs"},"content":{"rendered":"<p style=\"text-align: justify;\"><strong><a href=\"http:\/\/bergen.katolsk.no\/wp-content\/uploads\/2015\/05\/de-to.jpg\"><img loading=\"lazy\" decoding=\"async\" class=\"alignleft wp-image-1374 size-medium\" src=\"http:\/\/bergen.katolsk.no\/wp-content\/uploads\/2015\/05\/de-to-300x199.jpg\" alt=\"de to\" width=\"300\" height=\"199\" srcset=\"https:\/\/bergen.katolsk.no\/wp-content\/uploads\/2015\/05\/de-to-300x199.jpg 300w, https:\/\/bergen.katolsk.no\/wp-content\/uploads\/2015\/05\/de-to.jpg 500w\" sizes=\"auto, (max-width: 300px) 100vw, 300px\" \/><\/a><\/strong><strong>Alle som \u00f8nsker \u00e5 gifte seg katolsk m\u00e5 g\u00e5 gjennom et forberedende kurs.<\/strong><\/p>\n<p style=\"text-align: justify;\">Det er viktig at alle som \u00f8nsker \u00e5 gifte seg, melder fra s\u00e5 tidlig som mulig til menighetskontoret og prestene, senest fire m\u00e5neder f\u00f8r vielsen skal finne sted. Det gjelder enten dere skal gifte dere i Norge eller i utlandet.<\/p>\n<p style=\"text-align: justify;\"><strong>St Paul menighet tilbyr ekteskapsforberedende kurs p\u00e5 norsk to ganger hvert \u00e5r, om h\u00f8sten og i fastetiden. Neste kurs starter mandag 13. oktober 2025. Kurset g\u00e5r over fem mandager fra kl. 18 til 20 p\u00e5 menighetens m\u00f8terom i 4. etasje.<\/strong><\/p>\n<p style=\"text-align: justify;\">Kurset koster 300,-kr. per par og dekker kursmaterialet. Bel\u00f8pet kan betales\/overf\u00f8res via nettbank til menighetens konto: 3624.07.60031 (skriv \u00abEkteskapskurs\u00bb og deres navn), eller kan betales kontant.<\/p>\n<p style=\"text-align: justify;\"><strong>P\u00e5melding til menighetskontoret<\/strong> <strong>Tlf. 55 21 59 50 <\/strong><strong>eller til en av prestene<\/strong>:<\/p>\n<p style=\"text-align: left;\">for norsk til sognepresten Alois Brodersen; Tlf. kontor 55 21 59 60, mobiltlf. 48 27 72 82. <a href=\"mailto:Alois.Brodersen@katolsk.no\">Alois.Brodersen@katolsk.no<\/a><\/p>\n<p style=\"text-align: justify;\">for polsk til p. Janusz Batko Tlf. kontor 55244113 Mobiltlf.: 99098456 <a href=\"mailto:Janusz.Batko@katolsk.no\">Janusz.Batko@katolsk.no<\/a><\/p>\n<p>for engelsk til p. Rene Beshman tlf 413 48336 (mobil) epost; Beshman.John@katolsk.no<\/p>\n\n\n<p>les <a href=\"https:\/\/drive.google.com\/open?id=1JV02dT2dgRiCVkWGIZnNOz2eO-IDOh_P\">mer<\/a><\/p>\n","protected":false},"excerpt":{"rendered":"<p>Alle som \u00f8nsker \u00e5 gifte seg katolsk m\u00e5 g\u00e5 gjennom et forberedende kurs. Det er viktig at alle som \u00f8nsker<\/p>\n","protected":false},"author":3,"featured_media":0,"parent":76,"menu_order":0,"comment_status":"closed","ping_status":"closed","template":"","meta":{"colormag_page_container_layout":"default_layout","colormag_page_sidebar_layout":"default_layout","_exactmetrics_skip_tracking":false,"_exactmetrics_sitenote_active":false,"_exactmetrics_sitenote_note":"","_exactmetrics_sitenote_category":0,"footnotes":""},"class_list":["post-1373","page","type-page","status-publish","hentry"],"_links":{"self":[{"href":"https:\/\/bergen.katolsk.no\/index.php?rest_route=\/wp\/v2\/pages\/1373","targetHints":{"allow":["GET"]}}],"collection":[{"href":"https:\/\/bergen.katolsk.no\/index.php?rest_route=\/wp\/v2\/pages"}],"about":[{"href":"https:\/\/bergen.katolsk.no\/index.php?rest_route=\/wp\/v2\/types\/page"}],"author":[{"embeddable":true,"href":"https:\/\/bergen.katolsk.no\/index.php?rest_route=\/wp\/v2\/users\/3"}],"replies":[{"embeddable":true,"href":"https:\/\/bergen.katolsk.no\/index.php?rest_route=%2Fwp%2Fv2%2Fcomments&post=1373"}],"version-history":[{"count":41,"href":"https:\/\/bergen.katolsk.no\/index.php?rest_route=\/wp\/v2\/pages\/1373\/revisions"}],"predecessor-version":[{"id":29548,"href":"https:\/\/bergen.katolsk.no\/index.php?rest_route=\/wp\/v2\/pages\/1373\/revisions\/29548"}],"up":[{"embeddable":true,"href":"https:\/\/bergen.katolsk.no\/index.php?rest_route=\/wp\/v2\/pages\/76"}],"wp:attachment":[{"href":"https:\/\/bergen.katolsk.no\/index.php?rest_route=%2Fwp%2Fv2%2Fmedia&parent=1373"}],"curies":[{"name":"wp","href":"https:\/\/api.w.org\/{rel}","templated":true}]}}