{"id":141,"date":"2014-10-03T20:58:39","date_gmt":"2014-10-03T20:58:39","guid":{"rendered":"http:\/\/bergen.katolsk.no\/?page_id=141"},"modified":"2026-02-07T14:47:15","modified_gmt":"2026-02-07T14:47:15","slug":"lenker","status":"publish","type":"page","link":"https:\/\/bergen.katolsk.no\/?page_id=141","title":{"rendered":"Lenker"},"content":{"rendered":"\n<h3 class=\"wp-block-heading\">Norske sider<\/h3>\n\n\n\n<h6 class=\"wp-block-heading\">Oslo katolske bisped\u00f8mme: &nbsp;<a href=\"http:\/\/www.katolsk.no\/\" target=\"_blank\" rel=\"noopener\">www.katolsk.no<\/a><\/h6>\n\n\n\n<h6 class=\"wp-block-heading\">St. Paul Menighet p\u00e5 OKBs nettside: &nbsp;<a href=\"http:\/\/www.katolsk.no\/organisasjon\/okb\/Bergen\" target=\"_blank\" rel=\"noopener\">www.katolsk.no\/organisasjon\/okb\/Bergen<\/a><\/h6>\n\n\n\n<h6 class=\"wp-block-heading\">Norges Unge Katolikker: &nbsp;<a href=\"http:\/\/nuk.no\/index.php?id=530\" target=\"_blank\" rel=\"noopener\">www.nuk.no<\/a><\/h6>\n\n\n\n<pre class=\"wp-block-preformatted\">Landsdekkende sammenslutning av katolske barne- og ungdomslag<\/pre>\n\n\n\n<h6 class=\"wp-block-heading\">Caritas Norge: &nbsp;<a href=\"http:\/\/www.caritas.no\/\" target=\"_blank\" rel=\"noopener\">www.caritas.no<\/a><\/h6>\n\n\n\n<pre class=\"wp-block-preformatted\">Katolsk hjelpeorganisasjon i Norge, medlem av Caritas Internationalis<\/pre>\n\n\n\n<h6 class=\"wp-block-heading\">St. Paul Skole: &nbsp;<a href=\"http:\/\/www.stpaul.no\/\" target=\"_blank\" rel=\"noopener\">www.stpaul.no<\/a><\/h6>\n\n\n\n<pre class=\"wp-block-preformatted\">Katolsk barne- og ungdomskole i Bergen<\/pre>\n\n\n\n<h6 class=\"wp-block-heading\">St. Paul gymnas: &nbsp;<a href=\"http:\/\/stpaulgymnas.no\/\" target=\"_blank\" rel=\"noopener\">http:\/\/stpaulgymnas.no\/<\/a><\/h6>\n\n\n\n<pre class=\"wp-block-preformatted\">Katolsk videreg\u00e5ende skole i Bergen<\/pre>\n\n\n\n<h6 class=\"wp-block-heading\">St. Olav bokhandel: &nbsp;<a href=\"http:\/\/www.stolavbok.no\/\" target=\"_blank\" rel=\"noopener\">www.stolavbok.no<\/a><\/h6>\n\n\n\n<pre class=\"wp-block-preformatted\">Her kan katolske b\u00f8ker kj\u00f8pes<\/pre>\n\n\n\n<h6 class=\"wp-block-heading\">EWTN Norge: <a href=\"https:\/\/ewtn.no\/\" target=\"_blank\" rel=\"noreferrer noopener\">EWTN.no<\/a><\/h6>\n\n\n\n<pre class=\"wp-block-preformatted\">\u00c5ndelig f\u00f8de og katolske nyheter p\u00e5 norsk<\/pre>\n\n\n\n<h6 class=\"wp-block-heading\">Sta. Sunniva blogg: \u00a0<a href=\"http:\/\/stasunniva.blogspot.no\/\" target=\"_blank\" rel=\"noopener\">http:\/\/stasunniva.blogspot.no\/<\/a><\/h6>\n\n\n\n<pre class=\"wp-block-preformatted\">Blogg om katolsk tro v\/Ragnhild Aadland H\u00f8en<\/pre>\n\n\n\n<h6 class=\"wp-block-heading\">Menneskeverd:&nbsp; <a href=\"http:\/\/www.menneskeverd.no\/\" target=\"_blank\" rel=\"noopener\">www.menneskeverd.no<\/a><\/h6>\n\n\n\n<pre class=\"wp-block-preformatted\">Organisasjonen Menneskeverd som arbeider med livsvernsaker<\/pre>\n\n\n\n<p>&nbsp;<\/p>\n\n\n\n<h3 class=\"wp-block-heading\">Bibel og katekisme<\/h3>\n\n\n\n<h6 class=\"wp-block-heading\">Den katolske kirkes katekisme (p\u00e5 norsk): &nbsp;<a href=\"http:\/\/www.katolsk.no\/tro\/kkk\" target=\"_blank\" rel=\"noopener\">www.katolsk.no\/tro\/kkk<\/a><\/h6>\n\n\n\n<h6 class=\"wp-block-heading\">Bibelen p\u00e5 nett: &nbsp;<a href=\"http:\/\/www.bibel.no\/\" target=\"_blank\" rel=\"noopener\">www.bibel.no<\/a><\/h6>\n\n\n\n<p>&nbsp;<\/p>\n\n\n\n<h3 class=\"wp-block-heading\">Internasjonale sider<\/h3>\n\n\n\n<h6 class=\"wp-block-heading\">Zenit.org (katolske nyheter fra hele verden): &nbsp;<a href=\"http:\/\/www.zenit.org\/\" target=\"_blank\" rel=\"noopener\">www.zenit.org<\/a><\/h6>\n\n\n\n<h6 class=\"wp-block-heading\">Lifesitenews.com&nbsp;(pro-life news in English): &nbsp;<a href=\"http:\/\/www.lifesitenews.com\/\" target=\"_blank\" rel=\"noopener\">www.lifesitenews.com<\/a><\/h6>\n\n\n\n<h6 class=\"wp-block-heading\">Vatikanet: &nbsp;<a href=\"http:\/\/www.vatican.va\/phome_en.htm\" target=\"_blank\" rel=\"noopener\">www.vatican.va<\/a><\/h6>\n\n\n\n<p>&nbsp;<\/p>\n","protected":false},"excerpt":{"rendered":"<p>Norske sider Oslo katolske bisped\u00f8mme: &nbsp;www.katolsk.no St. Paul Menighet p\u00e5 OKBs nettside: &nbsp;www.katolsk.no\/organisasjon\/okb\/Bergen Norges Unge Katolikker: &nbsp;www.nuk.no Landsdekkende sammenslutning av<\/p>\n","protected":false},"author":1,"featured_media":0,"parent":0,"menu_order":0,"comment_status":"closed","ping_status":"closed","template":"","meta":{"colormag_page_container_layout":"default_layout","colormag_page_sidebar_layout":"default_layout","_exactmetrics_skip_tracking":false,"_exactmetrics_sitenote_active":false,"_exactmetrics_sitenote_note":"","_exactmetrics_sitenote_category":0,"footnotes":""},"class_list":["post-141","page","type-page","status-publish","hentry"],"_links":{"self":[{"href":"https:\/\/bergen.katolsk.no\/index.php?rest_route=\/wp\/v2\/pages\/141","targetHints":{"allow":["GET"]}}],"collection":[{"href":"https:\/\/bergen.katolsk.no\/index.php?rest_route=\/wp\/v2\/pages"}],"about":[{"href":"https:\/\/bergen.katolsk.no\/index.php?rest_route=\/wp\/v2\/types\/page"}],"author":[{"embeddable":true,"href":"https:\/\/bergen.katolsk.no\/index.php?rest_route=\/wp\/v2\/users\/1"}],"replies":[{"embeddable":true,"href":"https:\/\/bergen.katolsk.no\/index.php?rest_route=%2Fwp%2Fv2%2Fcomments&post=141"}],"version-history":[{"count":5,"href":"https:\/\/bergen.katolsk.no\/index.php?rest_route=\/wp\/v2\/pages\/141\/revisions"}],"predecessor-version":[{"id":30110,"href":"https:\/\/bergen.katolsk.no\/index.php?rest_route=\/wp\/v2\/pages\/141\/revisions\/30110"}],"wp:attachment":[{"href":"https:\/\/bergen.katolsk.no\/index.php?rest_route=%2Fwp%2Fv2%2Fmedia&parent=141"}],"curies":[{"name":"wp","href":"https:\/\/api.w.org\/{rel}","templated":true}]}}