{"id":161,"date":"2014-10-03T21:05:16","date_gmt":"2014-10-03T21:05:16","guid":{"rendered":"http:\/\/bergen.katolsk.no\/?page_id=161"},"modified":"2020-04-21T07:56:03","modified_gmt":"2020-04-21T07:56:03","slug":"filippinsk-gruppe","status":"publish","type":"page","link":"https:\/\/bergen.katolsk.no\/?page_id=161","title":{"rendered":"Filippinsk gruppe"},"content":{"rendered":"<p><strong>\u00a0<\/strong><strong>Leder:\u00a0<\/strong>Rosemarie B. Lauv\u00e5s Mob.nr. 41503709 <a href=\"mailto:roselauv@yahoo.no\">rose_lauvaas@hotmail.com<\/a><\/p>\n<p><strong>\u00a0<\/strong><strong>Nestleder:\u00a0<\/strong>Eleanor Lagrazon Stien Mob.nr. 94207317<\/p>\n<p><strong>\u00a0<\/strong><strong>Sekret\u00e6r:\u00a0<\/strong>Christopher Paraiso Garcia Mob.nr. 47148798<\/p>\n<p><strong>\u00a0<\/strong><strong>Filippinsk kirkekaffe ansvarlig: <\/strong>Rose Lauv\u00e5s: 415 03 709<\/p>\n<p>Det finnes ca\u00a01200\u00a0 katolikker f\u00f8dt p\u00e5 Filippinene\u00a0i v\u00e5r menighet\u00a0 I motsetning til andre grupper er de fleste kvinner (82%). Mange kom til Norge for flere \u00e5r siden som f.eks. sykepleiere. Der er mange blandete ekteskap: norsk-filippinsk.<\/p>\n<p>Gruppen &#8211; OLOF \u2013 OUR LADY OF FATIMA ble etablert ca 1987.<\/p>\n<p><strong>Aktiviteter: <\/strong>2.l\u00f8rdag i m\u00e5neden messe p\u00e5 filippinsk i St.Paul kirke kl.18.00. Hver onsdag kl. 17.00 messe p\u00e5 filippinsk i St. Paul kirke. Fasteretrett og Den Stille Uke Adventsretrett Sommerretrett <em>Simbang gabi<\/em> \u2013 novene f\u00f8r jul Kateketisk seminar Formasjonsarbeid (Prex seminar) Ungdomsm\u00f8te<\/p>\n<p>Filippinsk gruppe har eget kor som synger i filippinske messer.<\/p>\n<p><strong>Spesielle feiringer og fester:<\/strong><\/p>\n<p>Santo Nino \/ Sinulog &#8211; januar<\/p>\n<p>Flores de Mayo (Santa Cruzan) &#8211; mai<\/p>\n<p>Feast of Our Lady of Fatima \u2013 oktober<\/p>\n<p>Valentine fest Halloween fest<\/p>\n","protected":false},"excerpt":{"rendered":"<p>\u00a0Leder:\u00a0Rosemarie B. Lauv\u00e5s Mob.nr. 41503709 rose_lauvaas@hotmail.com \u00a0Nestleder:\u00a0Eleanor Lagrazon Stien Mob.nr. 94207317 \u00a0Sekret\u00e6r:\u00a0Christopher Paraiso Garcia Mob.nr. 47148798 \u00a0Filippinsk kirkekaffe ansvarlig: Rose<\/p>\n","protected":false},"author":1,"featured_media":0,"parent":157,"menu_order":0,"comment_status":"closed","ping_status":"closed","template":"","meta":{"colormag_page_container_layout":"default_layout","colormag_page_sidebar_layout":"default_layout","_exactmetrics_skip_tracking":false,"_exactmetrics_sitenote_active":false,"_exactmetrics_sitenote_note":"","_exactmetrics_sitenote_category":0,"footnotes":""},"class_list":["post-161","page","type-page","status-publish","hentry"],"_links":{"self":[{"href":"https:\/\/bergen.katolsk.no\/index.php?rest_route=\/wp\/v2\/pages\/161","targetHints":{"allow":["GET"]}}],"collection":[{"href":"https:\/\/bergen.katolsk.no\/index.php?rest_route=\/wp\/v2\/pages"}],"about":[{"href":"https:\/\/bergen.katolsk.no\/index.php?rest_route=\/wp\/v2\/types\/page"}],"author":[{"embeddable":true,"href":"https:\/\/bergen.katolsk.no\/index.php?rest_route=\/wp\/v2\/users\/1"}],"replies":[{"embeddable":true,"href":"https:\/\/bergen.katolsk.no\/index.php?rest_route=%2Fwp%2Fv2%2Fcomments&post=161"}],"version-history":[{"count":27,"href":"https:\/\/bergen.katolsk.no\/index.php?rest_route=\/wp\/v2\/pages\/161\/revisions"}],"predecessor-version":[{"id":13676,"href":"https:\/\/bergen.katolsk.no\/index.php?rest_route=\/wp\/v2\/pages\/161\/revisions\/13676"}],"up":[{"embeddable":true,"href":"https:\/\/bergen.katolsk.no\/index.php?rest_route=\/wp\/v2\/pages\/157"}],"wp:attachment":[{"href":"https:\/\/bergen.katolsk.no\/index.php?rest_route=%2Fwp%2Fv2%2Fmedia&parent=161"}],"curies":[{"name":"wp","href":"https:\/\/api.w.org\/{rel}","templated":true}]}}