{"id":163,"date":"2014-10-03T21:05:38","date_gmt":"2014-10-03T21:05:38","guid":{"rendered":"http:\/\/bergen.katolsk.no\/?page_id=163"},"modified":"2025-10-28T14:58:31","modified_gmt":"2025-10-28T14:58:31","slug":"fransktalende-gruppe","status":"publish","type":"page","link":"https:\/\/bergen.katolsk.no\/?page_id=163","title":{"rendered":"Fransktalende gruppe"},"content":{"rendered":"<p>Sjelesorg for fransktalende &#8211; p. Charles-Placide Zondo<\/p>\n<p>Akersveien 16B, 0177 Oslo\u00a0<img decoding=\"async\" class=\"image-inline\" title=\"\" src=\"http:\/\/www.katolsk.no\/grafikk\/telefon.gif\" alt=\"Telefon\" \/>\u00a023\u00a021\u00a095\u00a071, 489 95 645 (mobil)<br \/>\n<strong>kontakt for den fransktalende gruppen i Bergen: <\/strong><\/p>\n<p><strong>Albert Niyonzima <\/strong><a href=\"mailto:Albert.niza.2021@gmail.com\">Albert.niza.2021@gmail.com<\/a><strong> mobil 93862531<\/strong><\/p>\n<p><strong>Christine Tewa Toffa Komano<\/strong> <a href=\"mailto:komanochristine@yahoo.fr\">komanochristine@yahoo.fr<\/a> <strong>mobil 94837363<\/strong><\/p>\n<p>Messe p\u00e5 fransk er feiret vanligvis p\u00e5 2. s\u00f8ndag i m\u00e5neden kl. 16.15.<\/p>\n<p>Den fransktalende gruppen omfatter katolikker f\u00f8dt i Frankrike (89) og katolikker f\u00f8dt i forskjellige land hvor fransk er brukt som offisielt spr\u00e5k. Ca. 110 er registrert, de fleste fra Burundi, Kongo og Rwanda.<\/p>\n","protected":false},"excerpt":{"rendered":"<p>Sjelesorg for fransktalende &#8211; p. Charles-Placide Zondo Akersveien 16B, 0177 Oslo\u00a0\u00a023\u00a021\u00a095\u00a071, 489 95 645 (mobil) kontakt for den fransktalende gruppen<\/p>\n","protected":false},"author":1,"featured_media":0,"parent":157,"menu_order":0,"comment_status":"closed","ping_status":"closed","template":"","meta":{"colormag_page_container_layout":"default_layout","colormag_page_sidebar_layout":"default_layout","_exactmetrics_skip_tracking":false,"_exactmetrics_sitenote_active":false,"_exactmetrics_sitenote_note":"","_exactmetrics_sitenote_category":0,"footnotes":""},"class_list":["post-163","page","type-page","status-publish","hentry"],"_links":{"self":[{"href":"https:\/\/bergen.katolsk.no\/index.php?rest_route=\/wp\/v2\/pages\/163","targetHints":{"allow":["GET"]}}],"collection":[{"href":"https:\/\/bergen.katolsk.no\/index.php?rest_route=\/wp\/v2\/pages"}],"about":[{"href":"https:\/\/bergen.katolsk.no\/index.php?rest_route=\/wp\/v2\/types\/page"}],"author":[{"embeddable":true,"href":"https:\/\/bergen.katolsk.no\/index.php?rest_route=\/wp\/v2\/users\/1"}],"replies":[{"embeddable":true,"href":"https:\/\/bergen.katolsk.no\/index.php?rest_route=%2Fwp%2Fv2%2Fcomments&post=163"}],"version-history":[{"count":7,"href":"https:\/\/bergen.katolsk.no\/index.php?rest_route=\/wp\/v2\/pages\/163\/revisions"}],"predecessor-version":[{"id":29707,"href":"https:\/\/bergen.katolsk.no\/index.php?rest_route=\/wp\/v2\/pages\/163\/revisions\/29707"}],"up":[{"embeddable":true,"href":"https:\/\/bergen.katolsk.no\/index.php?rest_route=\/wp\/v2\/pages\/157"}],"wp:attachment":[{"href":"https:\/\/bergen.katolsk.no\/index.php?rest_route=%2Fwp%2Fv2%2Fmedia&parent=163"}],"curies":[{"name":"wp","href":"https:\/\/api.w.org\/{rel}","templated":true}]}}