{"id":165,"date":"2014-10-03T21:06:15","date_gmt":"2014-10-03T21:06:15","guid":{"rendered":"http:\/\/bergen.katolsk.no\/?page_id=165"},"modified":"2025-11-10T10:08:37","modified_gmt":"2025-11-10T10:08:37","slug":"litauisk-gruppe","status":"publish","type":"page","link":"https:\/\/bergen.katolsk.no\/?page_id=165","title":{"rendered":"Litauisk gruppe"},"content":{"rendered":"<p style=\"text-align: left;\"><span style=\"text-decoration: underline;\">Ansvarlig prest<\/span> p. Gintaras Bluzas: <a href=\"mailto:gintaras.bluzas@gmail.com\">gintaras.bluzas@gmail.com<\/a><\/p>\n<p style=\"text-align: left;\">P. Gintaras er bosatt i Litauen og kommer p\u00e5 bes\u00f8k til St. Paul menighet hver 4. helg i m\u00e5neden.<\/p>\n<p>Kontakt i Bergen: Laura\u00a0 Alesiene\u00a0 tlf. 97851532 e-post <a href=\"mailto:laura.alesiene@gmail.com\">laura.alesiene@gmail.com<\/a><\/p>\n<p>Messer p\u00e5 litauisk finner sted hver 4. s\u00f8ndag i m\u00e5neden kl. 16.30. i St. Paul kirke. (ang\u00e5ende messer i P\u00e5sketiden &#8211; f\u00f8lg med p\u00e5 menighetens kalender).<\/p>\n<p>For informasjon om katekese og ekteskapsforberedelser p\u00e5 litauisk ta kontakt med p. Gintaras.<\/p>\n<p class=\"Standard\" style=\"text-align: justify;\">&#8211; Litauisk gruppe ble etablert i desember 2012, da den litauiske presten begynte \u00e5 feire messe i St. Paul.<\/p>\n<p class=\"Standard\" style=\"text-align: justify;\">&#8211; Det finnes flere tusen litauere i Norge. Statistisk sett regner man med at 79 prosent av Litauens befolkning er katolikker. Per 1. oktober 2018 er 2400 katolikker f\u00f8dt i Litauen registrert i v\u00e5r menighet.<\/p>\n<p class=\"Standard\" style=\"text-align: justify;\">Det er katekese p\u00e5 litauisk for barn og voksne som forbereder seg til f\u00f8rste kommunion, samt et ekteskapskurs.<\/p>\n<p class=\"Standard\"><span style=\"text-decoration: underline;\">Viktige feiringer:<\/span><\/p>\n<p class=\"Standard\">16. februar \u2013 nasjonaldag (markering av uavhengighet i 1918)<\/p>\n<p class=\"Standard\">4. mars \u2013 den hellige Kasimirs fest \u2013 skytshelgen for Litauen<\/p>\n<p class=\"Standard\">11. mars \u2013 nasjonaldag (siden 1990 da Litauen fikk sin uavhengighet tilbake etter kommunismens fall).<\/p>\n","protected":false},"excerpt":{"rendered":"<p>Ansvarlig prest p. Gintaras Bluzas: gintaras.bluzas@gmail.com P. Gintaras er bosatt i Litauen og kommer p\u00e5 bes\u00f8k til St. Paul menighet<\/p>\n","protected":false},"author":1,"featured_media":0,"parent":157,"menu_order":0,"comment_status":"closed","ping_status":"closed","template":"","meta":{"colormag_page_container_layout":"default_layout","colormag_page_sidebar_layout":"default_layout","_exactmetrics_skip_tracking":false,"_exactmetrics_sitenote_active":false,"_exactmetrics_sitenote_note":"","_exactmetrics_sitenote_category":0,"footnotes":""},"class_list":["post-165","page","type-page","status-publish","hentry"],"_links":{"self":[{"href":"https:\/\/bergen.katolsk.no\/index.php?rest_route=\/wp\/v2\/pages\/165","targetHints":{"allow":["GET"]}}],"collection":[{"href":"https:\/\/bergen.katolsk.no\/index.php?rest_route=\/wp\/v2\/pages"}],"about":[{"href":"https:\/\/bergen.katolsk.no\/index.php?rest_route=\/wp\/v2\/types\/page"}],"author":[{"embeddable":true,"href":"https:\/\/bergen.katolsk.no\/index.php?rest_route=\/wp\/v2\/users\/1"}],"replies":[{"embeddable":true,"href":"https:\/\/bergen.katolsk.no\/index.php?rest_route=%2Fwp%2Fv2%2Fcomments&post=165"}],"version-history":[{"count":27,"href":"https:\/\/bergen.katolsk.no\/index.php?rest_route=\/wp\/v2\/pages\/165\/revisions"}],"predecessor-version":[{"id":29762,"href":"https:\/\/bergen.katolsk.no\/index.php?rest_route=\/wp\/v2\/pages\/165\/revisions\/29762"}],"up":[{"embeddable":true,"href":"https:\/\/bergen.katolsk.no\/index.php?rest_route=\/wp\/v2\/pages\/157"}],"wp:attachment":[{"href":"https:\/\/bergen.katolsk.no\/index.php?rest_route=%2Fwp%2Fv2%2Fmedia&parent=165"}],"curies":[{"name":"wp","href":"https:\/\/api.w.org\/{rel}","templated":true}]}}