{"id":175,"date":"2014-10-03T21:08:57","date_gmt":"2014-10-03T21:08:57","guid":{"rendered":"http:\/\/bergen.katolsk.no\/?page_id=175"},"modified":"2026-01-20T15:02:45","modified_gmt":"2026-01-20T15:02:45","slug":"vietnamesisk-gruppe","status":"publish","type":"page","link":"https:\/\/bergen.katolsk.no\/?page_id=175","title":{"rendered":"Vietnamesisk gruppe"},"content":{"rendered":"<p><strong>Leder<\/strong><\/p>\n<p>Josef Nguyen Hoang Kha<\/p>\n<p>tlf. nr. 957 01 467<\/p>\n<p>E-post: khatranac@gmail.com<\/p>\n<p><strong>Ceciliakoret<\/strong><\/p>\n<p>Leder: Therese Dinh 400 56 852 <a href=\"mailto:TDI@equinor.com\">TDI@equinor.com<\/a><\/p>\n<p><strong>Lovsangsgruppen Augustin<\/strong><\/p>\n<p>Leder: Quoc Long Nguyen 465 04 894 <a href=\"mailto:longquocnguyen@hotmail.com\">longquocnguyen@hotmail.com<\/a><\/p>\n<div>\n<div class=\"m_-1041664624064087555ydp3e6beb31yiv2433003139\"><span class=\"m_-1041664624064087555ydp3e6beb31yiv2433003139\"><span class=\"m_-1041664624064087555ydp3e6beb31yiv2433003139\">\u00a0 \u00a0 \u00a0 \u00a0 \u00a0 \u00a0 \u00a0 \u00a0 \u00a0 \u00a0 \u00a0<\/span><\/span><\/div>\n<\/div>\n<p style=\"text-align: justify;\">Vietnamesisk gruppe ble etablert i St. Paul menighet i 1976 av de f\u00f8rste vietnamesiske b\u00e5tflyktninger som kom til Bergen etter Vietnamkrigen i 1975. Vi har per 1.oktober 2018\u00a0registrert\u00a0 302 katolikker f\u00f8dt i Vietnam. Omtrent like mange f\u00f8dt i Norge er tilknyttet denne gruppen.<\/p>\n<p style=\"text-align: justify;\">For \u00e5 gj\u00f8re det lettere \u00e5 styre, blir vietnamesisk gruppe delte i 3 regioner:<\/p>\n<ol>\n<li>Josef region (de som bor i Fyllingsdalen og B\u00f8nes bydel), skytshelgen er St. Josef.<\/li>\n<li>Peter og St. Paul region (de som bor i Fana og Nesttun bydel), skytshelgene er St. Peter og St. Paul.<\/li>\n<li>\u00abJomfru Marias uplettede unnfangelse\u00bb region (de som bor i Olsvik, Loddefjord, Sotra), skytshelgen er \u00abJomfru Marias uplettede unnfangelse\u00bb. I tillegg til disse tre regionene er det kj\u00e6rlighetsgruppe. Gruppen best\u00e5r av menn over 50 \u00e5r. Skytshelgen er St. Joseph. Videre har man Katolsk M\u00f8dre gruppe. Gruppen best\u00e5r av kvinner over 50 \u00e5r. Skytshelgen er St. Monica. I tillegg har man gruppe for forbedring av ekteskap, Cecilia koret oppkalt etter St. Cecilia og Barne- og ungdoms katekese med den hellige (don) Johannes Bosco som skytshelgen.<\/li>\n<\/ol>\n<p>Messer p\u00e5 vietnamesisk:<\/p>\n<p style=\"text-align: justify;\">2.s\u00f8ndag i hver m\u00e5ned kl. 13:00 og hver onsdag kl. 19:00 er det messer p\u00e5 vietnamesisk. I tillegg til disse har vi ogs\u00e5 feiret skytshelgen eller jubileum til gruppene med takksigelse messe p\u00e5 vietnamesisk etter \u00f8nsket fra gruppene. Det skjer vanligvis p\u00e5 l\u00f8rdag. I julen og i p\u00e5sken er det retrett, vanligvis med inviterte prester fra Roma eller Frankrike.<\/p>\n<p>\u00a0Tre viktige feiringer\/datoer<\/p>\n<ol>\n<li>Vietnamesisk martyrer, skytshelgene til vietnamesisk gruppe &#8211; minnedag 24.november &#8211; feires p\u00e5 en l\u00f8rdag i november med takksigelsesmesse etterfulgt av mat og underholdning i krypten.<\/li>\n<li>Mariasdag: Mariasdag p\u00e5 Marias Minde p\u00e5 en l\u00f8rdag i mai. Da g\u00e5r man i prosesjon, feirer messe p\u00e5 norsk og vietnamesisk. Etter messen er det servering av mat hvis det er fint v\u00e6r.<\/li>\n<li>Vietnamesisk nytt\u00e5r, en l\u00f8rdag i januar eller februar &#8211; takksigelse messe kl. 13:00 med etterf\u00f8lgende fest med mat og underholdning i gymsalen p\u00e5 St. Paul skole.<\/li>\n<\/ol>\n","protected":false},"excerpt":{"rendered":"<p>Leder Josef Nguyen Hoang Kha tlf. nr. 957 01 467 E-post: khatranac@gmail.com Ceciliakoret Leder: Therese Dinh 400 56 852 TDI@equinor.com<\/p>\n","protected":false},"author":1,"featured_media":0,"parent":157,"menu_order":0,"comment_status":"closed","ping_status":"closed","template":"","meta":{"colormag_page_container_layout":"default_layout","colormag_page_sidebar_layout":"default_layout","_exactmetrics_skip_tracking":false,"_exactmetrics_sitenote_active":false,"_exactmetrics_sitenote_note":"","_exactmetrics_sitenote_category":0,"footnotes":""},"class_list":["post-175","page","type-page","status-publish","hentry"],"_links":{"self":[{"href":"https:\/\/bergen.katolsk.no\/index.php?rest_route=\/wp\/v2\/pages\/175","targetHints":{"allow":["GET"]}}],"collection":[{"href":"https:\/\/bergen.katolsk.no\/index.php?rest_route=\/wp\/v2\/pages"}],"about":[{"href":"https:\/\/bergen.katolsk.no\/index.php?rest_route=\/wp\/v2\/types\/page"}],"author":[{"embeddable":true,"href":"https:\/\/bergen.katolsk.no\/index.php?rest_route=\/wp\/v2\/users\/1"}],"replies":[{"embeddable":true,"href":"https:\/\/bergen.katolsk.no\/index.php?rest_route=%2Fwp%2Fv2%2Fcomments&post=175"}],"version-history":[{"count":22,"href":"https:\/\/bergen.katolsk.no\/index.php?rest_route=\/wp\/v2\/pages\/175\/revisions"}],"predecessor-version":[{"id":30022,"href":"https:\/\/bergen.katolsk.no\/index.php?rest_route=\/wp\/v2\/pages\/175\/revisions\/30022"}],"up":[{"embeddable":true,"href":"https:\/\/bergen.katolsk.no\/index.php?rest_route=\/wp\/v2\/pages\/157"}],"wp:attachment":[{"href":"https:\/\/bergen.katolsk.no\/index.php?rest_route=%2Fwp%2Fv2%2Fmedia&parent=175"}],"curies":[{"name":"wp","href":"https:\/\/api.w.org\/{rel}","templated":true}]}}