{"id":187,"date":"2014-10-03T21:24:28","date_gmt":"2014-10-03T21:24:28","guid":{"rendered":"http:\/\/bergen.katolsk.no\/?page_id=187"},"modified":"2023-12-08T16:21:39","modified_gmt":"2023-12-08T16:21:39","slug":"menighetsblad","status":"publish","type":"page","link":"https:\/\/bergen.katolsk.no\/?page_id=187","title":{"rendered":"Menighetsbladet"},"content":{"rendered":"\n<p>P\u00e5 denne siden vil du finne Menighetsbladet i pdf-format. N\u00e5r du klikker p\u00e5 bildet vil bladet \u00e5pnes i nettleseren din, men i et eget vindu eller egen fane, slik at du etter lesning kan lukke menighetsbladet og fremdeles v\u00e6re p\u00e5 St. Pauls nettsider.<\/p>\n\n\n\n<p><strong>Redakt\u00f8r<\/strong>: Hege Askvik, tlf. 411 00 566,<br>e-post: <a href=\"mailto:hege@askvik.com\">hege@askvik.com<\/a><\/p>\n\n\n\n<p><strong>Siste nummer, advent 2023:<\/strong><\/p>\n\n\n\n<figure class=\"wp-block-image size-large\"><a href=\"http:\/\/bergen.katolsk.no\/wp_documents\/Men_blad_2023.11.pdf\" target=\"_blank\" rel=\"noreferrer noopener\"><img loading=\"lazy\" decoding=\"async\" width=\"726\" height=\"1024\" src=\"https:\/\/bergen.katolsk.no\/wp-content\/uploads\/2023\/12\/Forside-nov-23-726x1024.jpg\" alt=\"\" class=\"wp-image-18917\" srcset=\"https:\/\/bergen.katolsk.no\/wp-content\/uploads\/2023\/12\/Forside-nov-23-726x1024.jpg 726w, https:\/\/bergen.katolsk.no\/wp-content\/uploads\/2023\/12\/Forside-nov-23-213x300.jpg 213w, https:\/\/bergen.katolsk.no\/wp-content\/uploads\/2023\/12\/Forside-nov-23-768x1084.jpg 768w, https:\/\/bergen.katolsk.no\/wp-content\/uploads\/2023\/12\/Forside-nov-23-956x1349.jpg 956w, https:\/\/bergen.katolsk.no\/wp-content\/uploads\/2023\/12\/Forside-nov-23.jpg 963w\" sizes=\"auto, (max-width: 726px) 100vw, 726px\" \/><\/a><\/figure>\n\n\n\n<p><strong>Se lenger ned p\u00e5 siden for \u00e5 se tidligere utgaver.<\/strong><\/p>\n\n\n\n<h4 class=\"wp-block-heading\">\u00c5r 2023<\/h4>\n\n\n\n<figure class=\"wp-block-image size-large is-resized\"><a href=\"http:\/\/bergen.katolsk.no\/wp_documents\/Men_blad_2023.03.pdf\" target=\"_blank\" rel=\"noreferrer noopener\"><img loading=\"lazy\" decoding=\"async\" src=\"https:\/\/bergen.katolsk.no\/wp-content\/uploads\/2023\/03\/Forside-2023-p\u00e5ske-719x1024.jpg\" alt=\"\" class=\"wp-image-18000\" width=\"232\" height=\"330\" srcset=\"https:\/\/bergen.katolsk.no\/wp-content\/uploads\/2023\/03\/Forside-2023-p\u00e5ske-719x1024.jpg 719w, https:\/\/bergen.katolsk.no\/wp-content\/uploads\/2023\/03\/Forside-2023-p\u00e5ske-211x300.jpg 211w, https:\/\/bergen.katolsk.no\/wp-content\/uploads\/2023\/03\/Forside-2023-p\u00e5ske-768x1093.jpg 768w, https:\/\/bergen.katolsk.no\/wp-content\/uploads\/2023\/03\/Forside-2023-p\u00e5ske.jpg 824w\" sizes=\"auto, (max-width: 232px) 100vw, 232px\" \/><\/a><\/figure>\n\n\n\n<h4 class=\"wp-block-heading\">\u00c5r 2022<\/h4>\n\n\n\n<figure class=\"wp-block-image size-large is-resized\"><a href=\"http:\/\/bergen.katolsk.no\/wp_documents\/Men_blad_2022.11.pdf\" target=\"_blank\" rel=\"noreferrer noopener\"><img loading=\"lazy\" decoding=\"async\" src=\"https:\/\/bergen.katolsk.no\/wp-content\/uploads\/2022\/11\/Forside-1122-730x1024.jpg\" alt=\"\" class=\"wp-image-17657\" width=\"225\" height=\"315\" srcset=\"https:\/\/bergen.katolsk.no\/wp-content\/uploads\/2022\/11\/Forside-1122-730x1024.jpg 730w, https:\/\/bergen.katolsk.no\/wp-content\/uploads\/2022\/11\/Forside-1122-214x300.jpg 214w, https:\/\/bergen.katolsk.no\/wp-content\/uploads\/2022\/11\/Forside-1122-768x1077.jpg 768w, https:\/\/bergen.katolsk.no\/wp-content\/uploads\/2022\/11\/Forside-1122.jpg 830w\" sizes=\"auto, (max-width: 225px) 100vw, 225px\" \/><\/a><\/figure>\n\n\n\n<figure class=\"wp-block-image size-large is-resized\"><a href=\"http:\/\/bergen.katolsk.no\/wp_documents\/Men_blad_2022.03.pdf\" target=\"_blank\" rel=\"noreferrer noopener\"><img loading=\"lazy\" decoding=\"async\" src=\"https:\/\/bergen.katolsk.no\/wp-content\/uploads\/2022\/03\/Forside-p\u00e5ske22-718x1024.jpg\" alt=\"\" class=\"wp-image-16961\" width=\"228\" height=\"325\" srcset=\"https:\/\/bergen.katolsk.no\/wp-content\/uploads\/2022\/03\/Forside-p\u00e5ske22-718x1024.jpg 718w, https:\/\/bergen.katolsk.no\/wp-content\/uploads\/2022\/03\/Forside-p\u00e5ske22-210x300.jpg 210w, https:\/\/bergen.katolsk.no\/wp-content\/uploads\/2022\/03\/Forside-p\u00e5ske22-768x1095.jpg 768w, https:\/\/bergen.katolsk.no\/wp-content\/uploads\/2022\/03\/Forside-p\u00e5ske22.jpg 930w\" sizes=\"auto, (max-width: 228px) 100vw, 228px\" \/><\/a><\/figure>\n\n\n\n<h4 class=\"wp-block-heading\"><strong>\u00c5r 2021<\/strong><\/h4>\n\n\n\n<figure class=\"wp-block-image size-large is-resized\"><a href=\"http:\/\/bergen.katolsk.no\/wp_documents\/Men_blad_2021.11.pdf\" target=\"_blank\" rel=\"noreferrer noopener\"><img loading=\"lazy\" decoding=\"async\" src=\"https:\/\/bergen.katolsk.no\/wp-content\/uploads\/2021\/11\/Forside-advent-21-725x1024.png\" alt=\"\" class=\"wp-image-16592\" width=\"228\" height=\"322\" srcset=\"https:\/\/bergen.katolsk.no\/wp-content\/uploads\/2021\/11\/Forside-advent-21-725x1024.png 725w, https:\/\/bergen.katolsk.no\/wp-content\/uploads\/2021\/11\/Forside-advent-21-212x300.png 212w, https:\/\/bergen.katolsk.no\/wp-content\/uploads\/2021\/11\/Forside-advent-21-768x1085.png 768w, https:\/\/bergen.katolsk.no\/wp-content\/uploads\/2021\/11\/Forside-advent-21.png 883w\" sizes=\"auto, (max-width: 228px) 100vw, 228px\" \/><\/a><\/figure>\n\n\n\n<figure class=\"wp-block-image size-large is-resized\"><a href=\"http:\/\/bergen.katolsk.no\/wp_documents\/Men_blad_2021.03.pdf\" target=\"_blank\" rel=\"noreferrer noopener\"><img loading=\"lazy\" decoding=\"async\" src=\"https:\/\/bergen.katolsk.no\/wp-content\/uploads\/2021\/03\/Forside-mars-21.jpg\" alt=\"\" class=\"wp-image-15752\" width=\"230\" height=\"325\" srcset=\"https:\/\/bergen.katolsk.no\/wp-content\/uploads\/2021\/03\/Forside-mars-21.jpg 479w, https:\/\/bergen.katolsk.no\/wp-content\/uploads\/2021\/03\/Forside-mars-21-212x300.jpg 212w\" sizes=\"auto, (max-width: 230px) 100vw, 230px\" \/><\/a><\/figure>\n\n\n\n<h4 class=\"wp-block-heading\">\u00c5r 2020:<\/h4>\n\n\n\n<figure class=\"wp-block-image size-large is-resized\"><a href=\"http:\/\/bergen.katolsk.no\/wp_documents\/Men_blad_2020.11.pdf\" target=\"_blank\" rel=\"noopener noreferrer\"><img loading=\"lazy\" decoding=\"async\" src=\"https:\/\/bergen.katolsk.no\/wp-content\/uploads\/2020\/11\/Forside-november-2020.jpg\" alt=\"\" class=\"wp-image-15001\" width=\"227\" height=\"320\" srcset=\"https:\/\/bergen.katolsk.no\/wp-content\/uploads\/2020\/11\/Forside-november-2020.jpg 519w, https:\/\/bergen.katolsk.no\/wp-content\/uploads\/2020\/11\/Forside-november-2020-213x300.jpg 213w\" sizes=\"auto, (max-width: 227px) 100vw, 227px\" \/><\/a><\/figure>\n\n\n\n<figure class=\"wp-block-image size-large is-resized\"><a href=\"http:\/\/bergen.katolsk.no\/wp_documents\/Men_blad_2020.03.pdf\" target=\"_blank\" rel=\"noopener noreferrer\"><img loading=\"lazy\" decoding=\"async\" src=\"http:\/\/bergen.katolsk.no\/wp-content\/uploads\/2020\/03\/Forside-mars-2020.jpg\" alt=\"\" class=\"wp-image-13389\" width=\"226\" height=\"317\" srcset=\"https:\/\/bergen.katolsk.no\/wp-content\/uploads\/2020\/03\/Forside-mars-2020.jpg 443w, https:\/\/bergen.katolsk.no\/wp-content\/uploads\/2020\/03\/Forside-mars-2020-214x300.jpg 214w\" sizes=\"auto, (max-width: 226px) 100vw, 226px\" \/><\/a><\/figure>\n\n\n<p><strong>\u00c5r 2019:<\/strong><\/p>\n<p><a href=\"http:\/\/bergen.katolsk.no\/wp_documents\/Men_blad_2019.04.pdf\" target=\"_blank\" rel=\"noopener noreferrer\"><img loading=\"lazy\" decoding=\"async\" class=\"alignleft wp-image-7407\" src=\"http:\/\/bergen.katolsk.no\/wp-content\/uploads\/2019\/04\/Forside.jpg\" alt=\"mars 2018\" width=\"141\" height=\"197\"><\/a>&nbsp;<a href=\"http:\/\/bergen.katolsk.no\/wp_documents\/Men_blad_2019.11.pdf\" target=\"_blank\" rel=\"noopener noreferrer\"><img loading=\"lazy\" decoding=\"async\" class=\"wp-image-9121 alignnone\" src=\"http:\/\/bergen.katolsk.no\/wp-content\/uploads\/2019\/11\/Forside-nov19.jpg\" alt=\"Forside november 2018\" width=\"141\" height=\"199\"><\/a><\/p>\n<p><strong>\u00c5r 2018:<\/strong><\/p>\n<p><a href=\"http:\/\/bergen.katolsk.no\/wp_documents\/Men_blad_2018.03.pdf\" target=\"_blank\" rel=\"noopener noreferrer\"><img loading=\"lazy\" decoding=\"async\" class=\"alignleft wp-image-7407\" src=\"http:\/\/bergen.katolsk.no\/wp-content\/uploads\/2014\/10\/forside1-214x300.jpg\" alt=\"mars 2018\" width=\"141\" height=\"197\" srcset=\"https:\/\/bergen.katolsk.no\/wp-content\/uploads\/2014\/10\/forside1-214x300.jpg 214w, https:\/\/bergen.katolsk.no\/wp-content\/uploads\/2014\/10\/forside1.jpg 445w\" sizes=\"auto, (max-width: 141px) 100vw, 141px\" \/><\/a>&nbsp;<a href=\"http:\/\/bergen.katolsk.no\/wp_documents\/Men_blad_2018.11.pdf\" target=\"_blank\" rel=\"noopener noreferrer\"><img loading=\"lazy\" decoding=\"async\" class=\"wp-image-9121 alignnone\" src=\"http:\/\/bergen.katolsk.no\/wp-content\/uploads\/2014\/10\/Forside-november-2018-212x300.jpg\" alt=\"Forside november 2018\" width=\"141\" height=\"199\" srcset=\"https:\/\/bergen.katolsk.no\/wp-content\/uploads\/2014\/10\/Forside-november-2018-212x300.jpg 212w, https:\/\/bergen.katolsk.no\/wp-content\/uploads\/2014\/10\/Forside-november-2018.jpg 370w\" sizes=\"auto, (max-width: 141px) 100vw, 141px\" \/><\/a><\/p>\n<p><strong>\u00c5r 2017:<\/strong><\/p>\n<p><a href=\"http:\/\/bergen.katolsk.no\/wp_documents\/Men_blad_2017.04.pdf\" target=\"_blank\" rel=\"noopener noreferrer\"><img loading=\"lazy\" decoding=\"async\" class=\"alignleft wp-image-5305 size-medium\" src=\"http:\/\/bergen.katolsk.no\/wp-content\/uploads\/2014\/10\/forside-211x300.jpg\" alt=\"forside\" width=\"141\" height=\"199\" srcset=\"https:\/\/bergen.katolsk.no\/wp-content\/uploads\/2014\/10\/forside-211x300.jpg 211w, https:\/\/bergen.katolsk.no\/wp-content\/uploads\/2014\/10\/forside.jpg 511w\" sizes=\"auto, (max-width: 141px) 100vw, 141px\" \/><\/a><a href=\"http:\/\/bergen.katolsk.no\/wp_documents\/Men_blad_2017.11.pdf\" target=\"_blank\" rel=\"noopener noreferrer\"><img loading=\"lazy\" decoding=\"async\" class=\"alignleft wp-image-6620\" src=\"http:\/\/bergen.katolsk.no\/wp-content\/uploads\/2014\/10\/Forside-nov17-215x300.jpg\" alt=\"Forside nov17\" width=\"141\" height=\"196\"><\/a>&nbsp;<\/p>\n<p><\/p>\n<h5>&nbsp;<\/h5>\n<h5>&nbsp;<\/h5>\n<h5>&nbsp;<\/h5>\n<h5>&nbsp;<\/h5>\n<h5>\u00c5r 2016:<\/h5>\n<p><a href=\"http:\/\/bergen.katolsk.no\/wp_documents\/Men_blad_2016.03.pdf\" target=\"_blank\" rel=\"noopener noreferrer\"><img loading=\"lazy\" decoding=\"async\" class=\"wp-image-2785 alignleft\" src=\"http:\/\/bergen.katolsk.no\/wp-content\/uploads\/2014\/10\/Men_blad_03_2016.jpg\" alt=\"Men_blad_03_2016\" width=\"141\" height=\"199\" srcset=\"https:\/\/bergen.katolsk.no\/wp-content\/uploads\/2014\/10\/Men_blad_03_2016.jpg 554w, https:\/\/bergen.katolsk.no\/wp-content\/uploads\/2014\/10\/Men_blad_03_2016-212x300.jpg 212w\" sizes=\"auto, (max-width: 141px) 100vw, 141px\" \/><\/a><a href=\"http:\/\/bergen.katolsk.no\/wp_documents\/Men_blad_2016.11.pdf\" target=\"_blank\" rel=\"https:\/\/drive.google.com\/open?id=0B8WRT8gvJ-_-aVlWWFFpQ3pOQUk noopener noreferrer\"><img loading=\"lazy\" decoding=\"async\" class=\"wp-image-4232 alignleft\" src=\"http:\/\/bergen.katolsk.no\/wp-content\/uploads\/2014\/10\/F\u00f8rsteside-nov-16.jpg\" alt=\"November 2016\" width=\"141\" height=\"199\"><\/a><\/p>\n<div>\n<h5>&nbsp;<\/h5>\n<h5>&nbsp;<\/h5>\n<h5>&nbsp;<\/h5>\n<h5>&nbsp;<\/h5>\n<h5>&nbsp;<\/h5>\n<h5>\u00c5r 2015:<\/h5>\n<div><a title=\"Men_blad_2015.11\" href=\"http:\/\/bergen.katolsk.no\/wp_documents\/Men_blad_2015.11.pdf\" target=\"_blank\" rel=\"noopener noreferrer\"><img loading=\"lazy\" decoding=\"async\" class=\"wp-image-2143 alignleft\" src=\"http:\/\/bergen.katolsk.no\/wp-content\/uploads\/2014\/10\/Men_blad_2015.11.jpg\" alt=\"Men_blad_2015.11\" width=\"142\" height=\"201\" srcset=\"https:\/\/bergen.katolsk.no\/wp-content\/uploads\/2014\/10\/Men_blad_2015.11.jpg 453w, https:\/\/bergen.katolsk.no\/wp-content\/uploads\/2014\/10\/Men_blad_2015.11-212x300.jpg 212w\" sizes=\"auto, (max-width: 142px) 100vw, 142px\" \/><\/a><a title=\"Men_blad_2015.03\" href=\"http:\/\/bergen.katolsk.no\/wp_documents\/Men_blad_2015.03.pdf\" target=\"_blank\" rel=\"noopener noreferrer\"><img loading=\"lazy\" decoding=\"async\" class=\"wp-image-1159 alignleft\" src=\"http:\/\/bergen.katolsk.no\/wp-content\/uploads\/2015\/04\/cover_Men_blad_2015.03-212x300.png\" alt=\"cover_Men_blad_2015.03\" width=\"141\" height=\"199\"><\/a><\/div>\n<div>\n<h5>&nbsp;<\/h5>\n<h5>&nbsp;<\/h5>\n<h5>&nbsp;<\/h5>\n<h5>&nbsp;<\/h5>\n<h5>&nbsp;<\/h5>\n<h5>\u00c5r 2014:<\/h5>\n<\/div>\n<p><a href=\"http:\/\/bergen.katolsk.no\/wp_documents\/Men_blad_2014.04.pdf\" target=\"_blank\" rel=\"noopener noreferrer\"><img loading=\"lazy\" decoding=\"async\" class=\"wp-image-324  alignleft\" src=\"http:\/\/bergen.katolsk.no\/wp-content\/uploads\/2014\/10\/cover_2014.041-210x300.png\" alt=\"cover_2014.04\" width=\"139\" height=\"199\" srcset=\"https:\/\/bergen.katolsk.no\/wp-content\/uploads\/2014\/10\/cover_2014.041-210x300.png 210w, https:\/\/bergen.katolsk.no\/wp-content\/uploads\/2014\/10\/cover_2014.041.png 406w\" sizes=\"auto, (max-width: 139px) 100vw, 139px\" \/><\/a><a href=\"http:\/\/bergen.katolsk.no\/wp_documents\/Men_blad_2014.11.pdf\" target=\"_blank\" rel=\"noopener noreferrer\"><img loading=\"lazy\" decoding=\"async\" class=\"wp-image-576 alignleft\" src=\"http:\/\/bergen.katolsk.no\/wp-content\/uploads\/2014\/10\/cover-2014.04.jpg\" alt=\"cover 2014.11\" width=\"141\" height=\"199\" srcset=\"https:\/\/bergen.katolsk.no\/wp-content\/uploads\/2014\/10\/cover-2014.04.jpg 459w, https:\/\/bergen.katolsk.no\/wp-content\/uploads\/2014\/10\/cover-2014.04-212x300.jpg 212w\" sizes=\"auto, (max-width: 141px) 100vw, 141px\" \/><\/a><\/p>\n<h5>&nbsp;<\/h5>\n<h5>&nbsp;<\/h5>\n<h5>&nbsp;<\/h5>\n<h5>&nbsp;<\/h5>\n<h5>&nbsp;<\/h5>\n<h5>\u00c5r 2013:<\/h5>\n<p><a href=\"http:\/\/bergen.katolsk.no\/wp_documents\/Men_blad_2013.11.pdf\" target=\"_blank\" rel=\"noopener noreferrer\"><img loading=\"lazy\" decoding=\"async\" class=\"wp-image-195 alignleft\" src=\"http:\/\/bergen.katolsk.no\/wp-content\/uploads\/2014\/10\/cover_2013.10b_small.png\" alt=\"cover_2013.10b_small\" width=\"143\" height=\"202\"><\/a>&nbsp;<a href=\"http:\/\/bergen.katolsk.no\/wp_documents\/Men_blad_2013.03.pdf\" target=\"_blank\" rel=\"noopener noreferrer\"><img loading=\"lazy\" decoding=\"async\" class=\"wp-image-194 alignleft\" src=\"http:\/\/bergen.katolsk.no\/wp-content\/uploads\/2014\/10\/cover_2013.03_small.png\" alt=\"cover_2013.03_small\" width=\"146\" height=\"207\"><\/a><\/p>\n<h5>&nbsp;<\/h5>\n<h5>&nbsp;<\/h5>\n<h5>&nbsp;<\/h5>\n<h5>&nbsp;<\/h5>\n<h5>\u00c5r 2012:<\/h5>\n<p><a href=\"http:\/\/bergen.katolsk.no\/wp_documents\/Men_blad_2012.10.pdf\" target=\"_blank\" rel=\"noopener noreferrer\"><img loading=\"lazy\" decoding=\"async\" class=\"wp-image-193 alignleft\" src=\"http:\/\/bergen.katolsk.no\/wp-content\/uploads\/2014\/10\/cover_2012.10_small-211x300.png\" alt=\"cover_2012.10_small\" width=\"152\" height=\"217\" srcset=\"https:\/\/bergen.katolsk.no\/wp-content\/uploads\/2014\/10\/cover_2012.10_small-211x300.png 211w, https:\/\/bergen.katolsk.no\/wp-content\/uploads\/2014\/10\/cover_2012.10_small.png 217w\" sizes=\"auto, (max-width: 152px) 100vw, 152px\" \/><\/a><a href=\"http:\/\/bergen.katolsk.no\/wp_documents\/Men_blad_2012.03.pdf\" target=\"_blank\" rel=\"noopener noreferrer\"><img loading=\"lazy\" decoding=\"async\" class=\"wp-image-192 alignleft\" src=\"http:\/\/bergen.katolsk.no\/wp-content\/uploads\/2014\/10\/cover_2012.03_big_.png\" alt=\"cover_2012.03_big_\" width=\"146\" height=\"207\" srcset=\"https:\/\/bergen.katolsk.no\/wp-content\/uploads\/2014\/10\/cover_2012.03_big_.png 420w, https:\/\/bergen.katolsk.no\/wp-content\/uploads\/2014\/10\/cover_2012.03_big_-211x300.png 211w\" sizes=\"auto, (max-width: 146px) 100vw, 146px\" \/><\/a><\/p>\n<h5>&nbsp;<\/h5>\n<h5>&nbsp;<\/h5>\n<h5>&nbsp;<\/h5>\n<h5>&nbsp;<\/h5>\n<h5>&nbsp;<\/h5>\n<h5>\u00c5r 2011:<\/h5>\n<p><a href=\"http:\/\/bergen.katolsk.no\/wp_documents\/Men_blad_2011.12.pdf\" target=\"_blank\" rel=\"noopener noreferrer\"><img loading=\"lazy\" decoding=\"async\" class=\"alignnone  wp-image-191\" src=\"http:\/\/bergen.katolsk.no\/wp-content\/uploads\/2014\/10\/cover_2011.12.png\" alt=\"cover_2011.12\" width=\"133\" height=\"188\" srcset=\"https:\/\/bergen.katolsk.no\/wp-content\/uploads\/2014\/10\/cover_2011.12.png 230w, https:\/\/bergen.katolsk.no\/wp-content\/uploads\/2014\/10\/cover_2011.12-212x300.png 212w\" sizes=\"auto, (max-width: 133px) 100vw, 133px\" \/><\/a> <a href=\"http:\/\/bergen.katolsk.no\/wp_documents\/Men_blad_2011.09.pdf\" target=\"_blank\" rel=\"noopener noreferrer\"><img loading=\"lazy\" decoding=\"async\" class=\"alignnone  wp-image-190\" src=\"http:\/\/bergen.katolsk.no\/wp-content\/uploads\/2014\/10\/cover_2011.09.png\" alt=\"cover_2011.09\" width=\"133\" height=\"189\" srcset=\"https:\/\/bergen.katolsk.no\/wp-content\/uploads\/2014\/10\/cover_2011.09.png 230w, https:\/\/bergen.katolsk.no\/wp-content\/uploads\/2014\/10\/cover_2011.09-211x300.png 211w\" sizes=\"auto, (max-width: 133px) 100vw, 133px\" \/><\/a> <a href=\"http:\/\/bergen.katolsk.no\/wp_documents\/Men_blad_2011.04.pdf\" target=\"_blank\" rel=\"noopener noreferrer\"><img loading=\"lazy\" decoding=\"async\" class=\"alignnone  wp-image-189\" src=\"http:\/\/bergen.katolsk.no\/wp-content\/uploads\/2014\/10\/cover_2011.04.png\" alt=\"cover_2011.04\" width=\"134\" height=\"190\" srcset=\"https:\/\/bergen.katolsk.no\/wp-content\/uploads\/2014\/10\/cover_2011.04.png 230w, https:\/\/bergen.katolsk.no\/wp-content\/uploads\/2014\/10\/cover_2011.04-211x300.png 211w\" sizes=\"auto, (max-width: 134px) 100vw, 134px\" \/><\/a><\/p>\n<h5>&nbsp;&nbsp;\u00c5r 2010:<\/h5>\n<p><a href=\"http:\/\/bergen.katolsk.no\/wp_documents\/Men_blad_2010.02.pdf\" target=\"_blank\" rel=\"noopener noreferrer\"><img loading=\"lazy\" decoding=\"async\" class=\"alignnone wp-image-552 \" src=\"http:\/\/bergen.katolsk.no\/wp-content\/uploads\/2014\/10\/cover_2010.02.png\" alt=\"cover_2010.02\" width=\"141\" height=\"192\"><\/a>&nbsp;<a href=\"http:\/\/bergen.katolsk.no\/wp_documents\/Men_blad_2010.05.pdf\" target=\"_blank\" rel=\"noopener noreferrer\"><img loading=\"lazy\" decoding=\"async\" class=\"alignnone wp-image-553 \" src=\"http:\/\/bergen.katolsk.no\/wp-content\/uploads\/2014\/10\/cover_2010.05.png\" alt=\"cover_2010.05\" width=\"141\" height=\"192\"><\/a>&nbsp;<a href=\"http:\/\/bergen.katolsk.no\/wp_documents\/Men_blad_2010.12.pdf\" target=\"_blank\" rel=\"noopener noreferrer\"><img loading=\"lazy\" decoding=\"async\" class=\"alignnone  wp-image-554\" src=\"http:\/\/bergen.katolsk.no\/wp-content\/uploads\/2014\/10\/cover_2010.12big.png\" alt=\"cover_2010.12(big)\" width=\"152\" height=\"195\"><\/a><\/p>\n<h5>&nbsp;&nbsp;\u00c5r 2009:<\/h5>\n<p><a href=\"http:\/\/bergen.katolsk.no\/wp_documents\/Men_blad_2009.03.pdf\" target=\"_blank\" rel=\"noopener noreferrer\"><img loading=\"lazy\" decoding=\"async\" class=\"alignnone  wp-image-559\" src=\"http:\/\/bergen.katolsk.no\/wp-content\/uploads\/2014\/10\/cover_2009.03.png\" alt=\"cover_2009.03\" width=\"151\" height=\"206\"><\/a>&nbsp;<a href=\"http:\/\/bergen.katolsk.no\/wp_documents\/Men_blad_2009.09.pdf\" target=\"_blank\" rel=\"noopener noreferrer\"><img loading=\"lazy\" decoding=\"async\" class=\"alignnone  wp-image-560\" src=\"http:\/\/bergen.katolsk.no\/wp-content\/uploads\/2014\/10\/cover_2009.09.png\" alt=\"cover_2009.09\" width=\"151\" height=\"205\"><\/a>&nbsp;<a href=\"http:\/\/bergen.katolsk.no\/wp_documents\/Men_blad_2009.12.pdf\" target=\"_blank\" rel=\"noopener noreferrer\"><img loading=\"lazy\" decoding=\"async\" class=\"alignnone  wp-image-561\" src=\"http:\/\/bergen.katolsk.no\/wp-content\/uploads\/2014\/10\/cover_2009.12.png\" alt=\"cover_2009.12\" width=\"153\" height=\"209\"><\/a><\/p>\n<h5>&nbsp;&nbsp;\u00c5r 2008:<\/h5>\n<p><a href=\"http:\/\/bergen.katolsk.no\/wp_documents\/Men_blad_2008.03.pdf\" target=\"_blank\" rel=\"noopener noreferrer\"><img loading=\"lazy\" decoding=\"async\" class=\"alignnone  wp-image-563\" src=\"http:\/\/bergen.katolsk.no\/wp-content\/uploads\/2014\/10\/cover_2008.03.png\" alt=\"cover_2008.03\" width=\"152\" height=\"207\"><\/a>&nbsp;<a href=\"http:\/\/bergen.katolsk.no\/wp_documents\/Men_blad_2008.06.pdf\" target=\"_blank\" rel=\"noopener noreferrer\"><img loading=\"lazy\" decoding=\"async\" class=\"alignnone  wp-image-564\" src=\"http:\/\/bergen.katolsk.no\/wp-content\/uploads\/2014\/10\/cover_2008.06.png\" alt=\"cover_2008.06\" width=\"150\" height=\"205\"><\/a>&nbsp;<a href=\"http:\/\/bergen.katolsk.no\/wp_documents\/Men_blad_2008.09.pdf\" target=\"_blank\" rel=\"noopener noreferrer\"><img loading=\"lazy\" decoding=\"async\" class=\"alignnone  wp-image-565\" src=\"http:\/\/bergen.katolsk.no\/wp-content\/uploads\/2014\/10\/cover_2008.09.png\" alt=\"cover_2008.09\" width=\"151\" height=\"206\"><\/a>&nbsp;<a href=\"http:\/\/bergen.katolsk.no\/wp_documents\/Men_blad_2008.11.pdf\" target=\"_blank\" rel=\"noopener noreferrer\"><img loading=\"lazy\" decoding=\"async\" class=\"alignnone  wp-image-566\" src=\"http:\/\/bergen.katolsk.no\/wp-content\/uploads\/2014\/10\/cover_2008.11.png\" alt=\"cover_2008.11\" width=\"150\" height=\"205\"><\/a><\/p>\n<h5>&nbsp;\u00c5r 2007:<\/h5>\n<p><a href=\"http:\/\/bergen.katolsk.no\/wp_documents\/Men_blad_2007.03.pdf\" target=\"_blank\" rel=\"noopener noreferrer\"><img loading=\"lazy\" decoding=\"async\" class=\"alignnone  wp-image-569\" src=\"http:\/\/bergen.katolsk.no\/wp-content\/uploads\/2014\/10\/cover_2007.03.png\" alt=\"cover_2007.03\" width=\"159\" height=\"216\"><\/a>&nbsp;<a href=\"http:\/\/bergen.katolsk.no\/wp_documents\/Men_blad_2007.09(2).pdf\" target=\"_blank\" rel=\"noopener noreferrer\"><img loading=\"lazy\" decoding=\"async\" class=\"alignnone  wp-image-570\" src=\"http:\/\/bergen.katolsk.no\/wp-content\/uploads\/2014\/10\/cover_2007.09.png\" alt=\"cover_2007.09\" width=\"158\" height=\"215\"><\/a>&nbsp;<a href=\"http:\/\/bergen.katolsk.no\/wp_documents\/Men_blad_2007.11.pdf\" target=\"_blank\" rel=\"noopener noreferrer\"><img loading=\"lazy\" decoding=\"async\" class=\"alignnone  wp-image-571\" src=\"http:\/\/bergen.katolsk.no\/wp-content\/uploads\/2014\/10\/cover_2007.11.png\" alt=\"cover_2007.11\" width=\"156\" height=\"213\"><\/a><\/p>\n<h5>&nbsp;&nbsp;\u00c5r 2006:<\/h5>\n<p><a href=\"http:\/\/bergen.katolsk.no\/wp_documents\/Men_blad_2006.09.pdf\" target=\"_blank\" rel=\"noopener noreferrer\"><img loading=\"lazy\" decoding=\"async\" class=\"alignnone  wp-image-573\" src=\"http:\/\/bergen.katolsk.no\/wp-content\/uploads\/2014\/10\/cover_2006.09.png\" alt=\"cover_2006.09\" width=\"162\" height=\"221\"><\/a>&nbsp;<a href=\"http:\/\/bergen.katolsk.no\/wp_documents\/Men_blad_2006.12.pdf\" target=\"_blank\" rel=\"noopener noreferrer\"><img loading=\"lazy\" decoding=\"async\" class=\"alignnone  wp-image-574\" src=\"http:\/\/bergen.katolsk.no\/wp-content\/uploads\/2014\/10\/cover_2006.12.png\" alt=\"cover_2006.12\" width=\"159\" height=\"217\"><\/a><\/p>\n<\/div>","protected":false},"excerpt":{"rendered":"<p>P\u00e5 denne siden vil du finne Menighetsbladet i pdf-format. N\u00e5r du klikker p\u00e5 bildet vil bladet \u00e5pnes i nettleseren din,<\/p>\n","protected":false},"author":1,"featured_media":0,"parent":0,"menu_order":0,"comment_status":"closed","ping_status":"closed","template":"","meta":{"colormag_page_container_layout":"default_layout","colormag_page_sidebar_layout":"default_layout","_exactmetrics_skip_tracking":false,"_exactmetrics_sitenote_active":false,"_exactmetrics_sitenote_note":"","_exactmetrics_sitenote_category":0,"footnotes":""},"class_list":["post-187","page","type-page","status-publish","hentry"],"_links":{"self":[{"href":"https:\/\/bergen.katolsk.no\/index.php?rest_route=\/wp\/v2\/pages\/187","targetHints":{"allow":["GET"]}}],"collection":[{"href":"https:\/\/bergen.katolsk.no\/index.php?rest_route=\/wp\/v2\/pages"}],"about":[{"href":"https:\/\/bergen.katolsk.no\/index.php?rest_route=\/wp\/v2\/types\/page"}],"author":[{"embeddable":true,"href":"https:\/\/bergen.katolsk.no\/index.php?rest_route=\/wp\/v2\/users\/1"}],"replies":[{"embeddable":true,"href":"https:\/\/bergen.katolsk.no\/index.php?rest_route=%2Fwp%2Fv2%2Fcomments&post=187"}],"version-history":[{"count":90,"href":"https:\/\/bergen.katolsk.no\/index.php?rest_route=\/wp\/v2\/pages\/187\/revisions"}],"predecessor-version":[{"id":18918,"href":"https:\/\/bergen.katolsk.no\/index.php?rest_route=\/wp\/v2\/pages\/187\/revisions\/18918"}],"wp:attachment":[{"href":"https:\/\/bergen.katolsk.no\/index.php?rest_route=%2Fwp%2Fv2%2Fmedia&parent=187"}],"curies":[{"name":"wp","href":"https:\/\/api.w.org\/{rel}","templated":true}]}}