{"id":18756,"date":"2023-10-22T13:42:35","date_gmt":"2023-10-22T13:42:35","guid":{"rendered":"https:\/\/bergen.katolsk.no\/?page_id=18756"},"modified":"2025-09-12T21:25:02","modified_gmt":"2025-09-12T21:25:02","slug":"maria-alle-hjerters-dronning-mary-queen-of-all-hearts","status":"publish","type":"page","link":"https:\/\/bergen.katolsk.no\/?page_id=18756","title":{"rendered":"Maria, alle hjerters dronning"},"content":{"rendered":"\n<p>Kontaktpersoner:<\/p>\n\n\n\n<p>\u00c5ndelig veileder for gruppen:\nDom Gregor Orkisz, mobil 47699414<\/p>\n\n\n\n<p>Koordinator:<\/p>\n\n\n\n<p>Reidun Jofrid Kleppestrand, mobil 408 85&nbsp;489, epost: <a href=\"mailto:Reidun.Jofrid.Kleppestrand@katolsk.no\">Reidun.Jofrid.Kleppestrand@katolsk.no<\/a><\/p>\n\n\n\n<p>Gruppens form\u00e5l og tilh\u00f8righet:<\/p>\n\n\n\n<p>Gruppen er tilsluttet den verdensvide Montfort \u2013 familien, som en \u00abforlenget arm\u00bb av Montfort-misjon\u00e6rene (The Company of Mary). Gruppen samler troende som \u00f8nsker \u00e5 v\u00e6re vitner om Evangeliets sannhet og som vil leve ut d\u00e5psforpliktelsene ved hjelp av total konsekrasjon til Jesus Kristus gjennom Maria. Til dette forplikter de seg selv til \u00e5 praktisere en sann hengivenhet til den hellige Jomfru Maria, slik den Hellige Louis-Marie de Montfort har undervist om, og som de velger som sin \u00e5ndelige leder. <\/p>\n\n\n\n<p><a href=\"https:\/\/www.ewtn.no\/samtale-om-maria-miniserie\/\" target=\"_blank\" rel=\"noreferrer noopener\">Dom Gregor og Jofrid har laget en serie om Maria for EWTN Norge<\/a><\/p>\n\n\n\n<h3 class=\"wp-block-heading\">Hva er konsekrasjonen til Jesus gjennom Maria?<\/h3>\n\n\n\n<p>Konsekrasjonen er en perfekt fornyelse av d\u00e5psl\u00f8ftene. Den inneb\u00e6rer at du aktivt sier ja til \u00e5 tilh\u00f8re Jesus Kristus fullt og helt, og at du gir ditt liv totalt til den treenige Gud gjennom Jomfru Marias hender. Konsekrasjonen er en gave der vi tar imot Jomfru Maria som v\u00e5r Mor og Dronning, og vi st\u00e5r helt og fullt under Hennes beskyttelse. Vi gir hele v\u00e5rt liv til henne, og hun bringer oss til Jesus Kristus. Montfort beskriver konsekrasjonen som et &#8220;slaveri&#8221; der vi av kj\u00e6rlighet og fri vilje gir oss selv slik at vi fullt og helt kan tilh\u00f8re Jesus Kristus gjennom Jomfru Maria. Konsekrasjon etter Montforts metode krever n\u00f8ye forberedelser gjennom 33 dager. <\/p>\n\n\n\n<p><\/p>\n\n\n\n<p><\/p>\n\n\n\n<p><\/p>\n\n\n\n<h3 class=\"wp-block-heading\">Praktisk informasjon om konsekrasjonsforberedelser:<\/h3>\n\n\n\n<p><\/p>\n\n\n\n<p>Dersom du tilh\u00f8rer St Paul menighet og \u00f8nsker \u00e5 forberede deg til \u00e5 gj\u00f8re konsekrasjon etter Montforts metode, ta kontakt med Dom Gregor eller Reidun Jofrid for mer informasjon om de n\u00f8dvendige forberedelsene med oppf\u00f8lging underveis, og for \u00e5 avtale videre egnet tidspunkt for \u00e5 avlegge konsekrasjonsl\u00f8ftet til den treenige Gud gjennom Jomfru Maria, med prest til stede som tar imot l\u00f8ftet, velsigner og ber for deg. Skriftem\u00e5l rett f\u00f8r konsekrasjonen h\u00f8rer ogs\u00e5 med. Dersom du tilh\u00f8rer en annen menighet, ta kontakt med en prest i din menighet.<\/p>\n\n\n\n<p><\/p>\n\n\n\n<h3 class=\"wp-block-heading\"><a href=\"https:\/\/bergen.katolsk.no\/?page_id=19177\" target=\"_blank\" rel=\"noreferrer noopener\">Ressurser for dem som vil forberede seg til konsekrasjon<\/a><\/h3>\n\n\n\n<h2 class=\"wp-block-heading\">Retrett 26-28. september  2025<\/h2>\n\n\n\n<figure class=\"wp-block-image size-large\"><a href=\"https:\/\/bergen.katolsk.no\/wp-content\/uploads\/2025\/09\/Bilde-plakaten-1-scaled.jpg\"><img loading=\"lazy\" decoding=\"async\" width=\"1024\" height=\"740\" src=\"https:\/\/bergen.katolsk.no\/wp-content\/uploads\/2025\/09\/Bilde-plakaten-1-1024x740.jpg\" alt=\"\" class=\"wp-image-29565\" srcset=\"https:\/\/bergen.katolsk.no\/wp-content\/uploads\/2025\/09\/Bilde-plakaten-1-1024x740.jpg 1024w, https:\/\/bergen.katolsk.no\/wp-content\/uploads\/2025\/09\/Bilde-plakaten-1-300x217.jpg 300w, https:\/\/bergen.katolsk.no\/wp-content\/uploads\/2025\/09\/Bilde-plakaten-1-768x555.jpg 768w, https:\/\/bergen.katolsk.no\/wp-content\/uploads\/2025\/09\/Bilde-plakaten-1-1536x1110.jpg 1536w, https:\/\/bergen.katolsk.no\/wp-content\/uploads\/2025\/09\/Bilde-plakaten-1-2048x1480.jpg 2048w\" sizes=\"auto, (max-width: 1024px) 100vw, 1024px\" \/><\/a><figcaption class=\"wp-element-caption\">portrait<\/figcaption><\/figure>\n\n\n\n<figure class=\"wp-block-image size-large\"><a href=\"https:\/\/bergen.katolsk.no\/wp-content\/uploads\/2025\/09\/bilde-plakaten-2-scaled.jpg\"><img loading=\"lazy\" decoding=\"async\" width=\"1024\" height=\"830\" src=\"https:\/\/bergen.katolsk.no\/wp-content\/uploads\/2025\/09\/bilde-plakaten-2-1024x830.jpg\" alt=\"\" class=\"wp-image-29566\" srcset=\"https:\/\/bergen.katolsk.no\/wp-content\/uploads\/2025\/09\/bilde-plakaten-2-1024x830.jpg 1024w, https:\/\/bergen.katolsk.no\/wp-content\/uploads\/2025\/09\/bilde-plakaten-2-300x243.jpg 300w, https:\/\/bergen.katolsk.no\/wp-content\/uploads\/2025\/09\/bilde-plakaten-2-768x623.jpg 768w, https:\/\/bergen.katolsk.no\/wp-content\/uploads\/2025\/09\/bilde-plakaten-2-1536x1246.jpg 1536w, https:\/\/bergen.katolsk.no\/wp-content\/uploads\/2025\/09\/bilde-plakaten-2-2048x1661.jpg 2048w\" sizes=\"auto, (max-width: 1024px) 100vw, 1024px\" \/><\/a><\/figure>\n\n\n\n<p><\/p>\n\n\n\n<p><\/p>\n\n\n\n<h3 class=\"wp-block-heading\"><a href=\"https:\/\/bergen.katolsk.no\/?page_id=28756\" data-type=\"page\" data-id=\"28756\" target=\"_blank\" rel=\"noreferrer noopener\">Presentasjoner fasteretrett 2025<\/a><\/h3>\n\n\n\n<div style=\"height:20px\" aria-hidden=\"true\" class=\"wp-block-spacer\"><\/div>\n\n\n\n<figure class=\"wp-block-image size-large\"><img loading=\"lazy\" decoding=\"async\" width=\"683\" height=\"1024\" src=\"https:\/\/bergen.katolsk.no\/wp-content\/uploads\/2023\/10\/20231022_155739-683x1024.jpg\" alt=\"\" class=\"wp-image-18761\" srcset=\"https:\/\/bergen.katolsk.no\/wp-content\/uploads\/2023\/10\/20231022_155739-683x1024.jpg 683w, https:\/\/bergen.katolsk.no\/wp-content\/uploads\/2023\/10\/20231022_155739-200x300.jpg 200w, https:\/\/bergen.katolsk.no\/wp-content\/uploads\/2023\/10\/20231022_155739-768x1151.jpg 768w, https:\/\/bergen.katolsk.no\/wp-content\/uploads\/2023\/10\/20231022_155739-1025x1536.jpg 1025w, https:\/\/bergen.katolsk.no\/wp-content\/uploads\/2023\/10\/20231022_155739-956x1432.jpg 956w, https:\/\/bergen.katolsk.no\/wp-content\/uploads\/2023\/10\/20231022_155739.jpg 1132w\" sizes=\"auto, (max-width: 683px) 100vw, 683px\" \/><\/figure>\n\n\n\n<p><\/p>\n","protected":false},"excerpt":{"rendered":"<p>Kontaktpersoner: \u00c5ndelig veileder for gruppen: Dom Gregor Orkisz, mobil 47699414 Koordinator: Reidun Jofrid Kleppestrand, mobil 408 85&nbsp;489, epost: Reidun.Jofrid.Kleppestrand@katolsk.no Gruppens<\/p>\n","protected":false},"author":6,"featured_media":0,"parent":0,"menu_order":0,"comment_status":"closed","ping_status":"closed","template":"","meta":{"colormag_page_container_layout":"default_layout","colormag_page_sidebar_layout":"default_layout","_exactmetrics_skip_tracking":false,"_exactmetrics_sitenote_active":false,"_exactmetrics_sitenote_note":"","_exactmetrics_sitenote_category":0,"footnotes":""},"class_list":["post-18756","page","type-page","status-publish","hentry"],"_links":{"self":[{"href":"https:\/\/bergen.katolsk.no\/index.php?rest_route=\/wp\/v2\/pages\/18756","targetHints":{"allow":["GET"]}}],"collection":[{"href":"https:\/\/bergen.katolsk.no\/index.php?rest_route=\/wp\/v2\/pages"}],"about":[{"href":"https:\/\/bergen.katolsk.no\/index.php?rest_route=\/wp\/v2\/types\/page"}],"author":[{"embeddable":true,"href":"https:\/\/bergen.katolsk.no\/index.php?rest_route=\/wp\/v2\/users\/6"}],"replies":[{"embeddable":true,"href":"https:\/\/bergen.katolsk.no\/index.php?rest_route=%2Fwp%2Fv2%2Fcomments&post=18756"}],"version-history":[{"count":14,"href":"https:\/\/bergen.katolsk.no\/index.php?rest_route=\/wp\/v2\/pages\/18756\/revisions"}],"predecessor-version":[{"id":29567,"href":"https:\/\/bergen.katolsk.no\/index.php?rest_route=\/wp\/v2\/pages\/18756\/revisions\/29567"}],"wp:attachment":[{"href":"https:\/\/bergen.katolsk.no\/index.php?rest_route=%2Fwp%2Fv2%2Fmedia&parent=18756"}],"curies":[{"name":"wp","href":"https:\/\/api.w.org\/{rel}","templated":true}]}}