{"id":19846,"date":"2024-06-08T08:47:55","date_gmt":"2024-06-08T08:47:55","guid":{"rendered":"https:\/\/bergen.katolsk.no\/?page_id=19846"},"modified":"2024-11-29T08:58:57","modified_gmt":"2024-11-29T08:58:57","slug":"forebygging-av-seksuelle-overgrep","status":"publish","type":"page","link":"https:\/\/bergen.katolsk.no\/?page_id=19846","title":{"rendered":"Forebygging av seksuelle overgrep"},"content":{"rendered":"\n<h2 class=\"wp-block-heading\"><strong>Kontaktpersoner<\/strong><\/h2>\n\n\n\n<p>N\u00e5r en kirkelig medarbeider har utf\u00f8rt overgrep, eller det foreligger mistanke om noe slikt, har den som f\u00e5r kjennskap til dette, plikt til \u00e5 melde fra om det. Forholdene kan v\u00e6re slik at den som har v\u00e6rt utsatt for, eller som kjenner til overgrep, ikke vil g\u00e5 direkte til politi, prest eller biskop &#8211; derfor har biskopen utnevnt f\u00f8lgende personer i Oslo katolske bisped\u00f8mme som kan kontaktes:<\/p>\n\n\n\n<p>P. Erik Ruud, e-post: Erik.Ruud@katolsk.no, telefon: 63 81 93 76 \/ 47 97 58 92<br>Jor\u00e5n Heggtveit, e-post: Joran.Heggtveit@katolsk.no, telefon: 980 63 915<br>p. Andreas Ruprecht (ungdomsprest), e-post: Andreas.Rupprecht@katolsk.no, telefon: 951 71 789. <br>Mer informasjon om kontaktpersoner finner du her p\u00e5 <a href=\"https:\/\/www.katolsk.no\/nyheter\/2021\/10\/folder_overgrep_2021_11jun-1.pdf\">norsk<\/a>, <a href=\"https:\/\/www.katolsk.no\/nyheter\/2021\/10\/folder_overgrep_2021_eng_18okt21.pdf\">engelsk<\/a>, <a href=\"https:\/\/www.katolsk.no\/nyheter\/2021\/10\/folder_overgrep_2021_eng_18okt21.pdf\">polsk<\/a>, <a href=\"https:\/\/www.katolsk.no\/nyheter\/contactos.pdf\">spansk<\/a> og <a href=\"https:\/\/www.katolsk.no\/nyheter\/seksualine-prievarta3.pdf\">litauisk<\/a><\/p>\n\n\n\n<blockquote class=\"wp-block-quote is-layout-flow wp-block-quote-is-layout-flow\">\n<h2 class=\"wp-block-heading\"><strong>\u201cAlt dere gjorde mot \u00e9n av disse mine minste br\u00f8dre, det gjorde dere mot meg\u201d Matt 25, 40<\/strong><\/h2>\n\n\n\n<h3 class=\"wp-block-heading\">Forebygging av seksuelle overgrep<\/h3>\n\n\n\n<p>Vi forebygger overgrep ved \u00e5 skape gode holdninger gjennom konkrete tiltak, som innarbeides i v\u00e5re rutiner i menighetene. Det skal v\u00e6re \u00e5penhet og lav terskel for \u00e5 si fra om krenkelser. Det er sogneprestene og menighetsr\u00e5dene som er ansvarlig for \u00e5 iverksette disse. Klostre og ordner, presteseminaret, katolske skoler, Norges unge katolikker og andre katolske organisasjoner skal gj\u00f8res kjent med retningslinjene.<\/p>\n\n\n\n<h3 class=\"wp-block-heading\">Kirken skal v\u00e6re et godt sted for alle<\/h3>\n\n\n\n<p>Vi har i Norge felles retningslinjer for alle menigheter i v\u00e5re tre bisped\u00f8mmer\/stift. Vi skal forebygge overgrep og skape en kultur som gj\u00f8r det enkelt og trygt \u00e5 uttrykke bekymring for krenkelser og overgrep. Slike bekymringer skal tas p\u00e5 alvor. Det er viktig \u00e5 v\u00e6re bevisst p\u00e5 at overgrep kan skje.<\/p>\n\n\n\n<p><\/p>\n\n\n\n<p>Hvis du har flere sp\u00f8rsm\u00e5l om forebygging av seksuelle overgrep, ta kontakt med koordinator for forebygging av seksuelle overgrep i St. Paul menighet: Ewa Bivand,&nbsp;E-post&nbsp;<a href=\"mailto:ewa.bivand@katolsk.no\" target=\"_blank\" rel=\"noreferrer noopener\">ewa.bivand@katolsk.no<\/a> , telefon: 41663848<\/p>\n\n\n\n<p>Mer informasjon og kursmateriell finner du <a href=\"https:\/\/www.katolsk.no\/organisasjon\/norge\/overgrep\">her<\/a><\/p>\n\n\n\n<p><\/p>\n<\/blockquote>\n","protected":false},"excerpt":{"rendered":"<p>Kontaktpersoner N\u00e5r en kirkelig medarbeider har utf\u00f8rt overgrep, eller det foreligger mistanke om noe slikt, har den som f\u00e5r kjennskap<\/p>\n","protected":false},"author":6,"featured_media":0,"parent":0,"menu_order":0,"comment_status":"closed","ping_status":"closed","template":"","meta":{"colormag_page_container_layout":"default_layout","colormag_page_sidebar_layout":"default_layout","_exactmetrics_skip_tracking":false,"_exactmetrics_sitenote_active":false,"_exactmetrics_sitenote_note":"","_exactmetrics_sitenote_category":0,"footnotes":""},"class_list":["post-19846","page","type-page","status-publish","hentry"],"_links":{"self":[{"href":"https:\/\/bergen.katolsk.no\/index.php?rest_route=\/wp\/v2\/pages\/19846","targetHints":{"allow":["GET"]}}],"collection":[{"href":"https:\/\/bergen.katolsk.no\/index.php?rest_route=\/wp\/v2\/pages"}],"about":[{"href":"https:\/\/bergen.katolsk.no\/index.php?rest_route=\/wp\/v2\/types\/page"}],"author":[{"embeddable":true,"href":"https:\/\/bergen.katolsk.no\/index.php?rest_route=\/wp\/v2\/users\/6"}],"replies":[{"embeddable":true,"href":"https:\/\/bergen.katolsk.no\/index.php?rest_route=%2Fwp%2Fv2%2Fcomments&post=19846"}],"version-history":[{"count":9,"href":"https:\/\/bergen.katolsk.no\/index.php?rest_route=\/wp\/v2\/pages\/19846\/revisions"}],"predecessor-version":[{"id":28307,"href":"https:\/\/bergen.katolsk.no\/index.php?rest_route=\/wp\/v2\/pages\/19846\/revisions\/28307"}],"wp:attachment":[{"href":"https:\/\/bergen.katolsk.no\/index.php?rest_route=%2Fwp%2Fv2%2Fmedia&parent=19846"}],"curies":[{"name":"wp","href":"https:\/\/api.w.org\/{rel}","templated":true}]}}