{"id":208,"date":"2014-10-03T21:30:31","date_gmt":"2014-10-03T21:30:31","guid":{"rendered":"http:\/\/bergen.katolsk.no\/?page_id=208"},"modified":"2025-09-12T20:53:16","modified_gmt":"2025-09-12T20:53:16","slug":"ministranter","status":"publish","type":"page","link":"https:\/\/bergen.katolsk.no\/?page_id=208","title":{"rendered":"Ministranter"},"content":{"rendered":"<h5>St. Stefanus ministrantlag<\/h5>\n<p>Har du lyst til \u00e5 delta mer aktivt i messene? Da kan du bli ministrant.\u00a0 Vi har juniorministrantlag for 3-7.klasse og seniorministrantlag fra 8.kl og oppover. Vi har m\u00e5nedlige katekeser, tur til \u00d8sterrike (for de eldre) og deltar hvert \u00e5r i ministrant-NM.<\/p>\n<p><strong>Plan for ministrantlaget h\u00f8st 2025 for juniorer (4-7 klasse):<\/strong><\/p>\n<p>Fast m\u00f8tetidspunkt: F\u00f8rste l\u00f8rdag i m\u00e5neden kl 14.30-17.45<\/p>\n<p>14.30 \u2013 15.15 : \u00a0Ministrant\u00f8ving i Kirken<br \/>\n15.15 &#8211; 16.00:\u00a0\u00a0\u00a0 Katekese i Krypten<br \/>\n16.00 \u2013 16.45: \u00a0\u00a0Aktiviteter i gymsalen<br \/>\n17.00 \u2013 17.45: \u00a0\u00a0F\u00f8rstel\u00f8rdagsandakt<\/p>\n<ul>\n<li>L\u00f8rdag 6. sept. <strong>NB! M\u00f8te for foreldre og ministrant sammen kl 14.30 i Kirken denne f\u00f8rste gangen i h\u00f8st.<\/strong><\/li>\n<li>L\u00f8rdag 4.okt<\/li>\n<li>Mulig bo-hjemme-leir i h\u00f8stferien (6-8 okt? Mer info kommer)<\/li>\n<li>L\u00f8rdag 1.nov<\/li>\n<li>L\u00f8rdag 6. des. Test for mulig fargegradering?<\/li>\n<\/ul>\n<p><strong>Plan for ministrantlaget h\u00f8st 2025 for seniorer (8. klasse og oppover):<\/strong><\/p>\n<p>Fast m\u00f8tetidspunkt: Fjerde s\u00f8ndag i m\u00e5neden etter h\u00f8ymessen p\u00e5 St Paul skole<\/p>\n<ul>\n<li>Ministrant \u2013 NM: 14-17. august. Egen p\u00e5melding.<\/li>\n<li>S\u00f8ndag 21. sept<\/li>\n<li>Sosial samling i h\u00f8stferien?<\/li>\n<li>S\u00f8ndag 26.okt<\/li>\n<li>Tur til Klosterneuburg? 14-17 november<\/li>\n<li>S\u00f8ndag 23. november<\/li>\n<li>L\u00f8rdag 6. des. Test for mulig fargegradering?<\/li>\n<\/ul>\n<p><u>Kontakt til ledere:<\/u><\/p>\n<p>Dom Gregor, ansvarlig prest for ministrantene: \u00a047 69 94 14<\/p>\n<p>James, ministrantlagets leder: 98 19 07 58<\/p>\n<p>Katarina, styremedlem: 45 27 26 94<\/p>\n<p>Jofrid, koordinator\/kateket og kasserer for ministrantlaget: 408 85 489<\/p>\n","protected":false},"excerpt":{"rendered":"<p>St. Stefanus ministrantlag Har du lyst til \u00e5 delta mer aktivt i messene? Da kan du bli ministrant.\u00a0 Vi har<\/p>\n","protected":false},"author":1,"featured_media":0,"parent":199,"menu_order":0,"comment_status":"closed","ping_status":"closed","template":"","meta":{"colormag_page_container_layout":"default_layout","colormag_page_sidebar_layout":"default_layout","_exactmetrics_skip_tracking":false,"_exactmetrics_sitenote_active":false,"_exactmetrics_sitenote_note":"","_exactmetrics_sitenote_category":0,"footnotes":""},"class_list":["post-208","page","type-page","status-publish","hentry"],"_links":{"self":[{"href":"https:\/\/bergen.katolsk.no\/index.php?rest_route=\/wp\/v2\/pages\/208","targetHints":{"allow":["GET"]}}],"collection":[{"href":"https:\/\/bergen.katolsk.no\/index.php?rest_route=\/wp\/v2\/pages"}],"about":[{"href":"https:\/\/bergen.katolsk.no\/index.php?rest_route=\/wp\/v2\/types\/page"}],"author":[{"embeddable":true,"href":"https:\/\/bergen.katolsk.no\/index.php?rest_route=\/wp\/v2\/users\/1"}],"replies":[{"embeddable":true,"href":"https:\/\/bergen.katolsk.no\/index.php?rest_route=%2Fwp%2Fv2%2Fcomments&post=208"}],"version-history":[{"count":11,"href":"https:\/\/bergen.katolsk.no\/index.php?rest_route=\/wp\/v2\/pages\/208\/revisions"}],"predecessor-version":[{"id":29559,"href":"https:\/\/bergen.katolsk.no\/index.php?rest_route=\/wp\/v2\/pages\/208\/revisions\/29559"}],"up":[{"embeddable":true,"href":"https:\/\/bergen.katolsk.no\/index.php?rest_route=\/wp\/v2\/pages\/199"}],"wp:attachment":[{"href":"https:\/\/bergen.katolsk.no\/index.php?rest_route=%2Fwp%2Fv2%2Fmedia&parent=208"}],"curies":[{"name":"wp","href":"https:\/\/api.w.org\/{rel}","templated":true}]}}