{"id":28756,"date":"2025-03-03T12:39:58","date_gmt":"2025-03-03T12:39:58","guid":{"rendered":"https:\/\/bergen.katolsk.no\/?page_id=28756"},"modified":"2025-03-03T12:55:33","modified_gmt":"2025-03-03T12:55:33","slug":"presentasjoner-fasteretrett-2025","status":"publish","type":"page","link":"https:\/\/bergen.katolsk.no\/?page_id=28756","title":{"rendered":"Presentasjoner fasteretrett 2025"},"content":{"rendered":"\n<p>P. Arnold Suhardi SMM, Montfortprest med tjenestested i Roma holdt 7 retrettforedrag 28\/2-2\/3 2025 i St Paul menighet<\/p>\n\n\n\n<p>Her kan du se presentasjonene for disse foredragene.<\/p>\n\n\n\n<p>Klikker du p\u00e5 foredragets tittel (under den store ruten med forh\u00e5ndsvisningen) vil det \u00e5pne seg i st\u00f8rre format. Du kan ogs\u00e5 laste det ned ved \u00e5 klikke &#8220;Download&#8221;<\/p>\n\n\n\n<div data-wp-interactive=\"core\/file\" class=\"wp-block-file\"><object data-wp-bind--hidden=\"!state.hasPdfPreview\" hidden class=\"wp-block-file__embed\" data=\"https:\/\/bergen.katolsk.no\/wp-content\/uploads\/2025\/03\/1.-Spirit-of-Jesus.pdf\" type=\"application\/pdf\" style=\"width:100%;height:600px\" aria-label=\"Embed of 1. Spirit of Jesus.\"><\/object><a id=\"wp-block-file--media-0a4f79f8-dbed-4bfc-94c3-f4be32b6f59e\" href=\"https:\/\/bergen.katolsk.no\/wp-content\/uploads\/2025\/03\/1.-Spirit-of-Jesus.pdf\">1. Spirit of Jesus<\/a><a href=\"https:\/\/bergen.katolsk.no\/wp-content\/uploads\/2025\/03\/1.-Spirit-of-Jesus.pdf\" class=\"wp-block-file__button wp-element-button\" download aria-describedby=\"wp-block-file--media-0a4f79f8-dbed-4bfc-94c3-f4be32b6f59e\">Download<\/a><\/div>\n\n\n\n<div style=\"height:15px\" aria-hidden=\"true\" class=\"wp-block-spacer\"><\/div>\n\n\n\n<div data-wp-interactive=\"core\/file\" class=\"wp-block-file\"><object data-wp-bind--hidden=\"!state.hasPdfPreview\" hidden class=\"wp-block-file__embed\" data=\"https:\/\/bergen.katolsk.no\/wp-content\/uploads\/2025\/03\/2-Lifestyle-of-the-disciples.pdf\" type=\"application\/pdf\" style=\"width:100%;height:600px\" aria-label=\"Embed of 2 Lifestyle of the disciples.\"><\/object><a id=\"wp-block-file--media-56bcc303-c019-45ce-b05e-5fc7f0449c22\" href=\"https:\/\/bergen.katolsk.no\/wp-content\/uploads\/2025\/03\/2-Lifestyle-of-the-disciples.pdf\">2 Lifestyle of the disciples<\/a><a href=\"https:\/\/bergen.katolsk.no\/wp-content\/uploads\/2025\/03\/2-Lifestyle-of-the-disciples.pdf\" class=\"wp-block-file__button wp-element-button\" download aria-describedby=\"wp-block-file--media-56bcc303-c019-45ce-b05e-5fc7f0449c22\">Download<\/a><\/div>\n\n\n\n<div style=\"height:18px\" aria-hidden=\"true\" class=\"wp-block-spacer\"><\/div>\n\n\n\n<div data-wp-interactive=\"core\/file\" class=\"wp-block-file\"><object data-wp-bind--hidden=\"!state.hasPdfPreview\" hidden class=\"wp-block-file__embed\" data=\"https:\/\/bergen.katolsk.no\/wp-content\/uploads\/2025\/03\/3-Abandonment-of-God.pdf\" type=\"application\/pdf\" style=\"width:100%;height:600px\" aria-label=\"Embed of 3 Abandonment of God.\"><\/object><a id=\"wp-block-file--media-ede7c924-053a-4da0-8f21-ecfa066f4eb4\" href=\"https:\/\/bergen.katolsk.no\/wp-content\/uploads\/2025\/03\/3-Abandonment-of-God.pdf\">3 Abandonment of God<\/a><a href=\"https:\/\/bergen.katolsk.no\/wp-content\/uploads\/2025\/03\/3-Abandonment-of-God.pdf\" class=\"wp-block-file__button wp-element-button\" download aria-describedby=\"wp-block-file--media-ede7c924-053a-4da0-8f21-ecfa066f4eb4\">Download<\/a><\/div>\n\n\n\n<div style=\"height:15px\" aria-hidden=\"true\" class=\"wp-block-spacer\"><\/div>\n\n\n\n<div data-wp-interactive=\"core\/file\" class=\"wp-block-file\"><object data-wp-bind--hidden=\"!state.hasPdfPreview\" hidden class=\"wp-block-file__embed\" data=\"https:\/\/bergen.katolsk.no\/wp-content\/uploads\/2025\/03\/4-Globalization-of-indifference.pdf\" type=\"application\/pdf\" style=\"width:100%;height:600px\" aria-label=\"Embed of 4 Globalization of indifference.\"><\/object><a id=\"wp-block-file--media-d4eb8c7b-ed01-4105-a574-993e7f6160ea\" href=\"https:\/\/bergen.katolsk.no\/wp-content\/uploads\/2025\/03\/4-Globalization-of-indifference.pdf\">4 Globalization of indifference<\/a><a href=\"https:\/\/bergen.katolsk.no\/wp-content\/uploads\/2025\/03\/4-Globalization-of-indifference.pdf\" class=\"wp-block-file__button wp-element-button\" download aria-describedby=\"wp-block-file--media-d4eb8c7b-ed01-4105-a574-993e7f6160ea\">Download<\/a><\/div>\n\n\n\n<div style=\"height:15px\" aria-hidden=\"true\" class=\"wp-block-spacer\"><\/div>\n\n\n\n<div data-wp-interactive=\"core\/file\" class=\"wp-block-file\"><object data-wp-bind--hidden=\"!state.hasPdfPreview\" hidden class=\"wp-block-file__embed\" data=\"https:\/\/bergen.katolsk.no\/wp-content\/uploads\/2025\/03\/5-Consecration.pdf\" type=\"application\/pdf\" style=\"width:100%;height:600px\" aria-label=\"Embed of 5 Consecration.\"><\/object><a id=\"wp-block-file--media-91c49036-af90-4796-b09b-70746d236ce6\" href=\"https:\/\/bergen.katolsk.no\/wp-content\/uploads\/2025\/03\/5-Consecration.pdf\">5 Consecration<\/a><a href=\"https:\/\/bergen.katolsk.no\/wp-content\/uploads\/2025\/03\/5-Consecration.pdf\" class=\"wp-block-file__button wp-element-button\" download aria-describedby=\"wp-block-file--media-91c49036-af90-4796-b09b-70746d236ce6\">Download<\/a><\/div>\n\n\n\n<div style=\"height:15px\" aria-hidden=\"true\" class=\"wp-block-spacer\"><\/div>\n\n\n\n<div data-wp-interactive=\"core\/file\" class=\"wp-block-file\"><object data-wp-bind--hidden=\"!state.hasPdfPreview\" hidden class=\"wp-block-file__embed\" data=\"https:\/\/bergen.katolsk.no\/wp-content\/uploads\/2025\/03\/6-Mission.pdf\" type=\"application\/pdf\" style=\"width:100%;height:600px\" aria-label=\"Embed of 6 Mission.\"><\/object><a id=\"wp-block-file--media-66df0958-1ea9-43a4-866e-77f190a33d7d\" href=\"https:\/\/bergen.katolsk.no\/wp-content\/uploads\/2025\/03\/6-Mission.pdf\">6 Mission<\/a><a href=\"https:\/\/bergen.katolsk.no\/wp-content\/uploads\/2025\/03\/6-Mission.pdf\" class=\"wp-block-file__button wp-element-button\" download aria-describedby=\"wp-block-file--media-66df0958-1ea9-43a4-866e-77f190a33d7d\">Download<\/a><\/div>\n\n\n\n<div style=\"height:15px\" aria-hidden=\"true\" class=\"wp-block-spacer\"><\/div>\n\n\n\n<div data-wp-interactive=\"core\/file\" class=\"wp-block-file\"><object data-wp-bind--hidden=\"!state.hasPdfPreview\" hidden class=\"wp-block-file__embed\" data=\"https:\/\/bergen.katolsk.no\/wp-content\/uploads\/2025\/03\/7-Conclusion.pdf\" type=\"application\/pdf\" style=\"width:100%;height:600px\" aria-label=\"Embed of 7 Conclusion.\"><\/object><a id=\"wp-block-file--media-fa3bc8d7-daaf-4da2-b644-e4bf5e4cb7a1\" href=\"https:\/\/bergen.katolsk.no\/wp-content\/uploads\/2025\/03\/7-Conclusion.pdf\">7 Conclusion<\/a><a href=\"https:\/\/bergen.katolsk.no\/wp-content\/uploads\/2025\/03\/7-Conclusion.pdf\" class=\"wp-block-file__button wp-element-button\" download aria-describedby=\"wp-block-file--media-fa3bc8d7-daaf-4da2-b644-e4bf5e4cb7a1\">Download<\/a><\/div>\n","protected":false},"excerpt":{"rendered":"<p>P. Arnold Suhardi SMM, Montfortprest med tjenestested i Roma holdt 7 retrettforedrag 28\/2-2\/3 2025 i St Paul menighet Her kan<\/p>\n","protected":false},"author":6,"featured_media":0,"parent":0,"menu_order":0,"comment_status":"closed","ping_status":"closed","template":"","meta":{"colormag_page_container_layout":"default_layout","colormag_page_sidebar_layout":"default_layout","_exactmetrics_skip_tracking":false,"_exactmetrics_sitenote_active":false,"_exactmetrics_sitenote_note":"","_exactmetrics_sitenote_category":0,"footnotes":""},"class_list":["post-28756","page","type-page","status-publish","hentry"],"_links":{"self":[{"href":"https:\/\/bergen.katolsk.no\/index.php?rest_route=\/wp\/v2\/pages\/28756","targetHints":{"allow":["GET"]}}],"collection":[{"href":"https:\/\/bergen.katolsk.no\/index.php?rest_route=\/wp\/v2\/pages"}],"about":[{"href":"https:\/\/bergen.katolsk.no\/index.php?rest_route=\/wp\/v2\/types\/page"}],"author":[{"embeddable":true,"href":"https:\/\/bergen.katolsk.no\/index.php?rest_route=\/wp\/v2\/users\/6"}],"replies":[{"embeddable":true,"href":"https:\/\/bergen.katolsk.no\/index.php?rest_route=%2Fwp%2Fv2%2Fcomments&post=28756"}],"version-history":[{"count":5,"href":"https:\/\/bergen.katolsk.no\/index.php?rest_route=\/wp\/v2\/pages\/28756\/revisions"}],"predecessor-version":[{"id":28774,"href":"https:\/\/bergen.katolsk.no\/index.php?rest_route=\/wp\/v2\/pages\/28756\/revisions\/28774"}],"wp:attachment":[{"href":"https:\/\/bergen.katolsk.no\/index.php?rest_route=%2Fwp%2Fv2%2Fmedia&parent=28756"}],"curies":[{"name":"wp","href":"https:\/\/api.w.org\/{rel}","templated":true}]}}