{"id":30075,"date":"2026-02-07T14:20:51","date_gmt":"2026-02-07T14:20:51","guid":{"rendered":"https:\/\/bergen.katolsk.no\/?page_id=30075"},"modified":"2026-02-07T14:20:52","modified_gmt":"2026-02-07T14:20:52","slug":"grupper","status":"publish","type":"page","link":"https:\/\/bergen.katolsk.no\/?page_id=30075","title":{"rendered":"Grupper"},"content":{"rendered":"\n<p>Menigheten har mange grupper av forskjellig slag, b\u00e5de n\u00e5r det gjelder alder, spr\u00e5k og hva de driver med.<\/p>\n\n\n\n<p><\/p>\n","protected":false},"excerpt":{"rendered":"<p>Menigheten har mange grupper av forskjellig slag, b\u00e5de n\u00e5r det gjelder alder, spr\u00e5k og hva de driver med.<\/p>\n","protected":false},"author":6,"featured_media":0,"parent":0,"menu_order":0,"comment_status":"closed","ping_status":"closed","template":"","meta":{"colormag_page_container_layout":"default_layout","colormag_page_sidebar_layout":"default_layout","_exactmetrics_skip_tracking":false,"_exactmetrics_sitenote_active":false,"_exactmetrics_sitenote_note":"","_exactmetrics_sitenote_category":0,"footnotes":""},"class_list":["post-30075","page","type-page","status-publish","hentry"],"_links":{"self":[{"href":"https:\/\/bergen.katolsk.no\/index.php?rest_route=\/wp\/v2\/pages\/30075","targetHints":{"allow":["GET"]}}],"collection":[{"href":"https:\/\/bergen.katolsk.no\/index.php?rest_route=\/wp\/v2\/pages"}],"about":[{"href":"https:\/\/bergen.katolsk.no\/index.php?rest_route=\/wp\/v2\/types\/page"}],"author":[{"embeddable":true,"href":"https:\/\/bergen.katolsk.no\/index.php?rest_route=\/wp\/v2\/users\/6"}],"replies":[{"embeddable":true,"href":"https:\/\/bergen.katolsk.no\/index.php?rest_route=%2Fwp%2Fv2%2Fcomments&post=30075"}],"version-history":[{"count":1,"href":"https:\/\/bergen.katolsk.no\/index.php?rest_route=\/wp\/v2\/pages\/30075\/revisions"}],"predecessor-version":[{"id":30076,"href":"https:\/\/bergen.katolsk.no\/index.php?rest_route=\/wp\/v2\/pages\/30075\/revisions\/30076"}],"wp:attachment":[{"href":"https:\/\/bergen.katolsk.no\/index.php?rest_route=%2Fwp%2Fv2%2Fmedia&parent=30075"}],"curies":[{"name":"wp","href":"https:\/\/api.w.org\/{rel}","templated":true}]}}