{"id":50,"date":"2014-10-03T20:29:56","date_gmt":"2014-10-03T20:29:56","guid":{"rendered":"http:\/\/bergen.katolsk.no\/?page_id=50"},"modified":"2016-03-27T12:29:38","modified_gmt":"2016-03-27T12:29:38","slug":"historie","status":"publish","type":"page","link":"https:\/\/bergen.katolsk.no\/?page_id=50","title":{"rendered":"Historie"},"content":{"rendered":"<p style=\"text-align: justify;\">Ved kongelig resolusjon av 6. mars 1843 fikk katolikkene lov til \u00e5 danne en menighet i Christiania. I 1845 kom den nye dissenterloven som gjorde katolsk virksomhet mulig i hele Norge, og Bergen fikk for f\u00f8rste gang etter Reformasjonen bes\u00f8k av en katolsk prest. 12 \u00e5r senere sendte Biskop Jacob Lorenz Studach i Stockholm den norskf\u00f8dte katolske presten Christopher Holfeldt-Houen til Bergen for \u00e5 opprette en menighet i Bergen, og den f\u00f8rste gudstjenesten ble holdt julen 1857, i en leilighet p\u00e5 Kalmargjerdet. Denne leiligheten var menighetens kapell inntil 1867. I 1864 kj\u00f8pte man tomten i den n\u00e5v\u00e6rende Christiesgate.<\/p>\n<p style=\"text-align: justify;\">Grunnsteinen for den nye kirken ble lagt \u00e5ret etter av bergenseren pater Daniel Stub. Han tilh\u00f8rte et kloster i Italia, men overtok som sogneprest for menigheten i Bergen i 1864. Tegningen til kirken hadde pater Stub f\u00e5tt av den italienske arkitekten Mella. P\u00e5 grunn av pengemangel, m\u00e5tte arbeidet skje stegvis og med mange avbrudd. Presteg\u00e5rden stod imidlertid ferdig i 1867, og loftsetasjen ble innredet som kapell.<\/p>\n<p style=\"text-align: justify;\">I 1876 ble menighetens skole startet i presteg\u00e5rden &#8211; og s\u00e5, 29. juni, p\u00e5 apostlene Peter og Pauls festdag &#8211; ble kirken innviet av pater Daniel Stub. Han var menighetens sogneprest i 16 \u00e5r, med pastor Holfeldt-Houen som kapellan frem til 1881. I 1892 d\u00f8de pater Stub og ble etterfulgt av pastor Gr\u00fcner.<\/p>\n<p style=\"text-align: justify;\">I 1901 ble St. Fransiskus-Xaverius &#8211; kongregasjonen stiftet, med moderhus i Bergen. Tidligere hadde s\u00f8stre fra Frankrike (1881-1891) og fra Luxembourg (1891-1901) arbeidet i menigheten. I 1896 ble kirkens krypt gravd ut og gjort i stand som foreningslokale. I 1899 ble ogs\u00e5 det katolske hospital (det n\u00e5v\u00e6rende Birgittahjemmet) ved siden av kirken ferdig. Dette bygget vil bli restaurert og sommeren 1998 regner vi med \u00e5 flytte presteg\u00e5rden ned fra Herman Fossgate 9 til et nyoppusset Birgittahjem i Nyg\u00e5rdsgate 3. Da vil St. Paul menighet- og skolesenter st\u00e5 ferdig samtidig med at vi kan feire St. Paul skoles 125 \u00e5rs jubileum.<\/p>\n<p style=\"text-align: justify;\">I 1951 hadde menigheten 408 medlemmer; i 1976, ved 100-\u00e5rs jubileet, hadde menigheten vokst til 1112 medlemmer. Ved \u00e5rsskiftet 1997\/98 var tallet p\u00e5 medlemmer steget til 3906 og i dag &#8211;\u00a0februar 2016\u00a0har antall registrerte katolikker i St. Paul menighet passert 19.000. Vi kommer fra over 120 land,\u00a0ca 10.000 fra Polen og Litauen.<\/p>\n","protected":false},"excerpt":{"rendered":"<p>Ved kongelig resolusjon av 6. mars 1843 fikk katolikkene lov til \u00e5 danne en menighet i Christiania. I 1845 kom<\/p>\n","protected":false},"author":1,"featured_media":0,"parent":7,"menu_order":0,"comment_status":"closed","ping_status":"closed","template":"","meta":{"colormag_page_container_layout":"default_layout","colormag_page_sidebar_layout":"default_layout","_exactmetrics_skip_tracking":false,"_exactmetrics_sitenote_active":false,"_exactmetrics_sitenote_note":"","_exactmetrics_sitenote_category":0,"footnotes":""},"class_list":["post-50","page","type-page","status-publish","hentry"],"_links":{"self":[{"href":"https:\/\/bergen.katolsk.no\/index.php?rest_route=\/wp\/v2\/pages\/50","targetHints":{"allow":["GET"]}}],"collection":[{"href":"https:\/\/bergen.katolsk.no\/index.php?rest_route=\/wp\/v2\/pages"}],"about":[{"href":"https:\/\/bergen.katolsk.no\/index.php?rest_route=\/wp\/v2\/types\/page"}],"author":[{"embeddable":true,"href":"https:\/\/bergen.katolsk.no\/index.php?rest_route=\/wp\/v2\/users\/1"}],"replies":[{"embeddable":true,"href":"https:\/\/bergen.katolsk.no\/index.php?rest_route=%2Fwp%2Fv2%2Fcomments&post=50"}],"version-history":[{"count":6,"href":"https:\/\/bergen.katolsk.no\/index.php?rest_route=\/wp\/v2\/pages\/50\/revisions"}],"predecessor-version":[{"id":2931,"href":"https:\/\/bergen.katolsk.no\/index.php?rest_route=\/wp\/v2\/pages\/50\/revisions\/2931"}],"up":[{"embeddable":true,"href":"https:\/\/bergen.katolsk.no\/index.php?rest_route=\/wp\/v2\/pages\/7"}],"wp:attachment":[{"href":"https:\/\/bergen.katolsk.no\/index.php?rest_route=%2Fwp%2Fv2%2Fmedia&parent=50"}],"curies":[{"name":"wp","href":"https:\/\/api.w.org\/{rel}","templated":true}]}}