{"id":56,"date":"2014-10-03T20:31:09","date_gmt":"2014-10-03T20:31:09","guid":{"rendered":"http:\/\/bergen.katolsk.no\/?page_id=56"},"modified":"2019-08-02T09:43:29","modified_gmt":"2019-08-02T09:43:29","slug":"sogn-og-fjordane","status":"publish","type":"page","link":"https:\/\/bergen.katolsk.no\/?page_id=56","title":{"rendered":"Sogn og Fjordane"},"content":{"rendered":"<p>St. Paul menighet har i alt sju messestader i Sogn of Fjordane. I tillegg til messene utf\u00f8rer prestane ogs\u00e5 anna pastoralt arbeid. Prestane fr\u00e5 Bergen er s\u00e5leis ofte \u00e5 sj\u00e5 p\u00e5 vegane i den nordlege delen av det vidstrekte St. Paul menighets sokn!<\/p>\n<p><strong>MESSETIDER OG KATEKESE\u00a0 &#8211; klikk <a href=\"http:\/\/bergen.katolsk.no\/?page_id=1211\" target=\"_blank\" rel=\"noopener\">her<\/a>\u00a0<\/strong><\/p>\n<p>Kontakter i Sogn og Fjordane:<\/p>\n<p>SOGNDAL:<br \/>\nOlga Morris, tlf. 47 88 28 80, E-post: <a href=\"mailto:olgamk@mac.com\">olgamk@mac..com<\/a><\/p>\n<p>\u00d8VRE \u00c5RDAL:<br \/>\nAntoni Dworniczak, tlf. 99 88 56 30<\/p>\n<p>F\u00d8RDE:<br \/>\nMarcin Fojcik, tlf 91790947, E-post: <a href=\"mailto:Marcin.fojcik@hisf.no\">Marcin.fojcik@hisf.no<\/a><\/p>\n<h6>Messer feires p\u00e5 f\u00f8lgende spr\u00e5k:<\/h6>\n<p>F\u00f8rde &#8212; norsk og polsk<br \/>\nLoen &#8212; norsk, polsk,<br \/>\nFlor\u00f8 &#8212; norsk, polsk, tamilsk<br \/>\nNordfjordeid &#8212; tamilsk<br \/>\nVangsnes\/Vik &#8212; polsk<br \/>\nSogndal &#8212; engelsk, norsk<br \/>\n\u00d8vre \u00c5rdal &#8212; polsk<\/p>\n<p>Messene i F\u00f8rde finner sted i Bedehuset<br \/>\nPresteb\u00f8en 21<br \/>\n6800 F\u00f8rde<\/p>\n<h3>Sunnfjord katolske kirkeforening<\/h3>\n<p>Sunnfjord Katolske Kirkeforening har lyst til \u00e5 oppfordre og invitere alle til \u00e5 delta aktivt i v\u00e5r menighet. Vi \u00f8nsker \u00e5 tilrettelegge aktivitetene slik at hver og en skal f\u00f8le seg velkommen til v\u00e5rt Katolske kirkesamfunn.<br \/>\nI sommer hadde vi et vellykket bes\u00f8k av en prest og en b\u00f8nnegruppe fra Polen. Messene var oversatt til norsk og det var en del norskspr\u00e5klige katolikker med. Vi hadde ogs\u00e5 en pilegrimstur p\u00e5 Hafstadfjellet. Denne tradisjonen vil vi fortsette med.<br \/>\nVi vil minne om at hver 1. s\u00f8ndag i mnd. Kl. 11 har vi bibelgruppe p\u00e5 norsk. Vi trenger flere som vil v\u00e6re med og lede v\u00e5r bibelgruppe.<br \/>\nHver 1. fredag i mnd. etter Messen kl. 19 i Kapellet i Hafstadvegen 29 har vi lovsang.<\/p>\n<p>Vi har ogs\u00e5 lyst til \u00e5 arrangere flere aktiviteter p\u00e5 norsk, derfor vil vi i n\u00e6rmeste framtid arrangere et m\u00f8te der alle norskspr\u00e5klige katolikker kan delta og komme med sine forslag. Invitasjon til m\u00f8tet kommer snart. Dersom dere har sp\u00f8rsm\u00e5l, forslag eller ideer, skriv eller ring gjerne til oss.\u00a0Tlf 95184429<\/p>\n<p>V\u00e5re aktiviteter\/planer<br \/>\nHver 1. fredag i mnd. \u2013 Lovsang (etter Messe kl 19:00 Hafstadvegen 29)<br \/>\nHver 2. s\u00f8ndag i mnd. \u2013 Bibelgruppe (etter Messe kl 10:00, F\u00f8rde bedehus )<\/p>\n<p>Vil du st\u00f8tte Sunnfjord Katolske Kirkeforening?<br \/>\nVi har f\u00e5tt VIPPS.<br \/>\nVIPPS OSS til nr.534675 (velg kj\u00f8p og betal)<br \/>\neller send gave direkte til v\u00e5r bankkonto 3705.11.72931<\/p>\n<p>Sunnfjord katolske kirkeforening har <a href=\"https:\/\/www.facebook.com\/groups\/1822569564686322\/?fb_dtsg_ag=AdxYmE9wtHvTlcL_ZUdxqXy5fMfluyW-kcrtXe75l9rAMQ%3AAdwTVhlsSHLXkAXC-oZ-_MVJo3xGdrJvODPsINCUOMPg3g\" target=\"_blank\" rel=\"noopener\">Facebookside her<\/a>.<\/p>\n","protected":false},"excerpt":{"rendered":"<p>St. Paul menighet har i alt sju messestader i Sogn of Fjordane. I tillegg til messene utf\u00f8rer prestane ogs\u00e5 anna<\/p>\n","protected":false},"author":1,"featured_media":0,"parent":52,"menu_order":0,"comment_status":"closed","ping_status":"closed","template":"","meta":{"colormag_page_container_layout":"default_layout","colormag_page_sidebar_layout":"default_layout","_exactmetrics_skip_tracking":false,"_exactmetrics_sitenote_active":false,"_exactmetrics_sitenote_note":"","_exactmetrics_sitenote_category":0,"footnotes":""},"class_list":["post-56","page","type-page","status-publish","hentry"],"_links":{"self":[{"href":"https:\/\/bergen.katolsk.no\/index.php?rest_route=\/wp\/v2\/pages\/56","targetHints":{"allow":["GET"]}}],"collection":[{"href":"https:\/\/bergen.katolsk.no\/index.php?rest_route=\/wp\/v2\/pages"}],"about":[{"href":"https:\/\/bergen.katolsk.no\/index.php?rest_route=\/wp\/v2\/types\/page"}],"author":[{"embeddable":true,"href":"https:\/\/bergen.katolsk.no\/index.php?rest_route=\/wp\/v2\/users\/1"}],"replies":[{"embeddable":true,"href":"https:\/\/bergen.katolsk.no\/index.php?rest_route=%2Fwp%2Fv2%2Fcomments&post=56"}],"version-history":[{"count":11,"href":"https:\/\/bergen.katolsk.no\/index.php?rest_route=\/wp\/v2\/pages\/56\/revisions"}],"predecessor-version":[{"id":11732,"href":"https:\/\/bergen.katolsk.no\/index.php?rest_route=\/wp\/v2\/pages\/56\/revisions\/11732"}],"up":[{"embeddable":true,"href":"https:\/\/bergen.katolsk.no\/index.php?rest_route=\/wp\/v2\/pages\/52"}],"wp:attachment":[{"href":"https:\/\/bergen.katolsk.no\/index.php?rest_route=%2Fwp%2Fv2%2Fmedia&parent=56"}],"curies":[{"name":"wp","href":"https:\/\/api.w.org\/{rel}","templated":true}]}}