{"id":73,"date":"2014-10-03T20:40:31","date_gmt":"2014-10-03T20:40:31","guid":{"rendered":"http:\/\/bergen.katolsk.no\/?page_id=73"},"modified":"2026-01-04T16:54:06","modified_gmt":"2026-01-04T16:54:06","slug":"caritas","status":"publish","type":"page","link":"https:\/\/bergen.katolsk.no\/?page_id=73","title":{"rendered":"Caritas"},"content":{"rendered":"<p style=\"text-align: justify;\"><a href=\"http:\/\/bergen.katolsk.no\/wp-content\/uploads\/2014\/10\/Caritas-Bergen.png\"><img loading=\"lazy\" decoding=\"async\" class=\"alignnone size-medium wp-image-1772\" src=\"http:\/\/bergen.katolsk.no\/wp-content\/uploads\/2014\/10\/Caritas-Bergen-300x119.png\" alt=\"Caritas Bergen\" width=\"300\" height=\"119\" srcset=\"https:\/\/bergen.katolsk.no\/wp-content\/uploads\/2014\/10\/Caritas-Bergen-300x119.png 300w, https:\/\/bergen.katolsk.no\/wp-content\/uploads\/2014\/10\/Caritas-Bergen-956x381.png 956w, https:\/\/bergen.katolsk.no\/wp-content\/uploads\/2014\/10\/Caritas-Bergen.png 978w\" sizes=\"auto, (max-width: 300px) 100vw, 300px\" \/><\/a><\/p>\n<p>Om Caritas Bergen<\/p>\n<p><strong>Caritas Bergen<\/strong> er den katolske kirkens hjelpeorganisasjon som tilbyr aktiviteter rettet mot medmenneskers behov for inkludering i samfunnet og arbeidslivet. V\u00e5r virksomhet drives i Bergen og omegn.<\/p>\n<p>V\u00e5rt \u00f8nske er \u00e5 hjelpe vanskeligstilte mennesker med \u00e5 finne en lysere fremtid. I samarbeid med St. Paul menighet, Caritas Norge og et nettverk av andre frivillige organisasjoner i Bergen, vil vi bidra til \u00e5 l\u00f8se de sosiale utfordringene som finnes lokalt, b\u00e5de med et kortsiktig og et langsiktig perspektiv. Vi tilbyr kurs i b\u00e5de norsk og engelsk, orientering ang\u00e5ende det norske arbeidsmarkedet, arbeidsformidling og generell informasjon om bolig, helse og sosial rett.<\/p>\n<p><strong>Norskundervisning.<\/strong> Vi driver norskkurs p\u00e5 forskjellige niv\u00e5er. De ulike kursene er spredt utover ukedagene. For mer informasjon om tidspunkt og l\u00e6replan, vennligst bes\u00f8k v\u00e5r hjemmeside: <a title=\"caritasbergen.no\" href=\"http:\/\/caritasbergen.no\" target=\"_blank\" rel=\"noopener noreferrer\">caritasbergen.no<\/a><\/p>\n<p><strong>Strikkeklubben<\/strong>. Hver torsdag kl 17-19 m\u00f8tes kvinner fra flere kulturer i Birgittakjelleren ved St. Paul kirke for \u00e5 strikke og snakke sammen. Strikketingene gis bort til forskjellige organisasjoner for utdeling til trengende. Kontaktperson: Kari Melberg, tlf 909 33\u00a0154.<\/p>\n<p><strong>V\u00e5rt kontor<\/strong> finner du i <em>Nyg\u00e5rdsgate 3, rett ved St. Paul kirke<\/em>. Vi holder \u00e5pent mandag-fredag 9:00 \u2013 14:00. Kontakt oss p\u00e5 tlf. 91920202. Daglig leder er Brendan McNulty.<\/p>\n<p><strong>Styret i Caritas Bergen<\/strong><\/p>\n<ul>\n<li>Erik Andvik (styreleder)<\/li>\n<li>Dom Alois Brodersen (sogneprest og fast styremedlem)<\/li>\n<li>Ronny Heimli (styremedlem)<\/li>\n<li>Giao Do (styremedlem)<\/li>\n<li>Kari Melberg (styremedlem)<\/li>\n<li>Torill Fiskaa (vara)<\/li>\n<li>Arne Kleppestrand (vara)<\/li>\n<\/ul>\n","protected":false},"excerpt":{"rendered":"<p>Om Caritas Bergen Caritas Bergen er den katolske kirkens hjelpeorganisasjon som tilbyr aktiviteter rettet mot medmenneskers behov for inkludering i<\/p>\n","protected":false},"author":1,"featured_media":0,"parent":0,"menu_order":0,"comment_status":"closed","ping_status":"closed","template":"","meta":{"colormag_page_container_layout":"default_layout","colormag_page_sidebar_layout":"default_layout","_exactmetrics_skip_tracking":false,"_exactmetrics_sitenote_active":false,"_exactmetrics_sitenote_note":"","_exactmetrics_sitenote_category":0,"footnotes":""},"class_list":["post-73","page","type-page","status-publish","hentry"],"_links":{"self":[{"href":"https:\/\/bergen.katolsk.no\/index.php?rest_route=\/wp\/v2\/pages\/73","targetHints":{"allow":["GET"]}}],"collection":[{"href":"https:\/\/bergen.katolsk.no\/index.php?rest_route=\/wp\/v2\/pages"}],"about":[{"href":"https:\/\/bergen.katolsk.no\/index.php?rest_route=\/wp\/v2\/types\/page"}],"author":[{"embeddable":true,"href":"https:\/\/bergen.katolsk.no\/index.php?rest_route=\/wp\/v2\/users\/1"}],"replies":[{"embeddable":true,"href":"https:\/\/bergen.katolsk.no\/index.php?rest_route=%2Fwp%2Fv2%2Fcomments&post=73"}],"version-history":[{"count":27,"href":"https:\/\/bergen.katolsk.no\/index.php?rest_route=\/wp\/v2\/pages\/73\/revisions"}],"predecessor-version":[{"id":29972,"href":"https:\/\/bergen.katolsk.no\/index.php?rest_route=\/wp\/v2\/pages\/73\/revisions\/29972"}],"wp:attachment":[{"href":"https:\/\/bergen.katolsk.no\/index.php?rest_route=%2Fwp%2Fv2%2Fmedia&parent=73"}],"curies":[{"name":"wp","href":"https:\/\/api.w.org\/{rel}","templated":true}]}}