{"id":78,"date":"2014-10-03T20:41:33","date_gmt":"2014-10-03T20:41:33","guid":{"rendered":"http:\/\/bergen.katolsk.no\/?page_id=78"},"modified":"2025-09-17T15:52:43","modified_gmt":"2025-09-17T15:52:43","slug":"1-kommunion-3-klasse","status":"publish","type":"page","link":"https:\/\/bergen.katolsk.no\/?page_id=78","title":{"rendered":"1. Kommunion (2. og 3. klasse)"},"content":{"rendered":"<h2>P\u00e5melding til f\u00f8rstekommunion med oppstart aug\/sept 2025<\/h2>\n<p>Forberedelsene til f\u00f8rstekommunion er to\u00e5rig. Barnet kan starte n\u00e5r det g\u00e5r i 2. klasse. (1.klasse kan ogs\u00e5 g\u00e5 i samme katekesegruppe) eller eldre.<\/p>\n<p>\u00c5rets undervisning er n\u00e5 startet. Har du ikke f\u00e5tt meldt p\u00e5, er det beste \u00e5 vente til v\u00e5ren og da melde p\u00e5 til start neste h\u00f8st. Ta eventuelt direkte kontakt for sp\u00f8rsm\u00e5l.\u00a0<\/p>\n<p>\u00a0<\/p>\n<p><strong>Om undervisningen<\/strong><\/p>\n<p>Gjennom forberedelsestiden, vil barna bli forberedt til b\u00e5de sitt f\u00f8rste skriftem\u00e5l og til f\u00f8rste hellige kommunion.<\/p>\n<p>I St Paul menighet har vi \u00abGode Hyrde -katekese&#8221; for barn i alle aldre, fra 3 \u00e5r og til konfirmasjonsalder.\u00a0<\/p>\n<p><strong>Den Gode Hyrde\u00bb-katekese<\/strong> er en katekese som er bygget p\u00e5 Maria Montessoris pedagogiske metode. I denne katekesen f\u00e5r barna n\u00e6rme seg troens mysterier i sitt eget tempo. De f\u00e5r presentert emner fra Bibelen og liturgien ved hjelp av materiell som er spesielt tilrettelagt for deres aldersgruppe. Barna f\u00e5r s\u00e5 velge \u00e5 arbeide videre med materiellet og innholdet p\u00e5 forskjellige m\u00e5ter. Barnets arbeid ( i ord og tegninger) blir samlet i deres egen individuelle mappe som de til slutt f\u00e5r med hjem. Denne katekesens m\u00e5l er \u00e5 hjelpe barna til selv \u00e5 komme n\u00e6rmere Gud. B\u00f8nnen har en sentral plass i det rommet der denne katekesen foreg\u00e5r, atriet. I l\u00f8pet av tiden med samlinger\u00a0 annenhver uke vil barna f\u00e5 en grundig og flott forberedelse til sitt f\u00f8rste skriftem\u00e5l og til sin f\u00f8rste hellige kommunion. De vil i l\u00f8pet av tiden f\u00e5 sin egen Bibelen, bok om Jomfru Maria og en vakker rosenkrans p\u00e5 kommunionsdagen.\u00a0<\/p>\n<p><strong>Undervisningssted:<\/strong> Alle grupper har undervisning p\u00e5 <u>Marias Minde, Nylandveien 31.<br \/><\/u>Om dere ikke kommer med bil, er det bra med busstilbud ut dit. Buss nr 12 og 19 g\u00e5r ofte, fra f.eks Festplassen. Dere g\u00e5r av p\u00e5 stoppestedet \u00abEikeviken\u00bb. Derfra er det 5 min \u00e5 g\u00e5 til Marias Minde.<\/p>\n<p><strong>Informasjonsm\u00f8te med p\u00e5melding<\/strong><\/p>\n<p>Det blir <strong>\u00a0informasjonsm\u00f8te for barna og foreldre <\/strong><strong>l\u00f8rdag 14. juni kl 11 i kapellet p\u00e5 Marias Minde. (Starter med informasjon for barna og foreldre sammen, deretter er dere invitert til kort messe kl 12.)<\/strong><\/p>\n<p>\u00a0Der f\u00e5r dere vite mer om hva f\u00f8rstekommunion er for noe og hva det inneb\u00e6rer \u00e5 melde seg til forberedelsene. Dere kan f\u00e5 svar p\u00e5 det dere lurer p\u00e5 og kan ogs\u00e5 levere p\u00e5meldingsskjemaet der.<\/p>\n<p><strong>Har dere flere barn (ulike aldre) som dere \u00f8nsker skal f\u00e5 plass i en katekesegruppe?<\/strong> Vi vil pr\u00f8ve \u00e5 gj\u00f8re det mest mulig praktisk for dere \u00e5 la alle barna deres delta i en gruppe, gjerne sammen eller samtidig. Her er oversikten over gruppene vi vil pr\u00f8ve \u00e5 tilby p\u00e5 samme sted:<\/p>\n<p>3-6\u00e5r: l\u00f8rdag kl 09.45 \u2013 11.45\u00a0og 12.45-14.45<\/p>\n<p>1-3 kl: tirsdag kl 17-19.30, l\u00f8rdag kl 10 \u2013 12.30 og 12-14.30 og s\u00f8ndag kl 10-13.<\/p>\n<p>4-7 kl: l\u00f8rdag kl 12-14.30<\/p>\n<p>For p\u00e5melding til disse andre aldersgruppene, f\u00f8r opp navn og f\u00f8dselsdato p\u00e5 det samme p\u00e5meldingsskjemaet som til f\u00f8rstekommunion, eller benytt digitale skjemaer p\u00e5 menighetens nettside.<\/p>\n<p><strong><u>\u00a0<\/u><\/strong><\/p>\n<p><strong><u>Undervisning for foreldre og undervisningshjelp av foreldre: <\/u><\/strong><\/p>\n<p>Som en del av forberedelsene vil vi pr\u00f8ve \u00e5 ogs\u00e5 gi noe undervisning til alle dere foreldre mens barna har sin undervisning. Dersom noen foreldre \u00f8nsker \u00e5 hjelpe til p\u00e5 en av gruppene, er det fint om dere kan skrive det p\u00e5 p\u00e5meldingsskjemaet. Vi arrangerer ogs\u00e5 kurs over noen f\u00e5 helger i l\u00f8pet av \u00e5ret for foreldre\/voksne som vil hjelpe til med \u00abDen Gode Hyrde\u00bb-katekese. Hvis du er interessert i det, kan du krysse av for dette p\u00e5 skjemaet. Forberedelse til f\u00f8rstekommunion involverer ogs\u00e5 hele familien. Vi vil derfor inviterer til flere kjekke familiesamlinger i l\u00f8pet av \u00e5ret.<\/p>\n<p><strong><u>Messedeltagelse<\/u><\/strong> er en viktig del av f\u00f8rstekommunionsforberedelsen. Vi har alltid korte messer med barna i undervisningstiden, og disse h\u00e5per vi at ogs\u00e5 dere foreldre vil delta p\u00e5 sammen med oss. \u00a0Men det er ogs\u00e5 viktig at barna l\u00e6rer \u00e5 delta i s\u00f8ndagsmessene. Vi b\u00e5de oppfordrer og forventer at dere foreldre vil delta regelmessig i menighetens s\u00f8ndagsmesser sammen med barna. Barna vil f\u00e5 et eget messekort som de samler stempel i til premier n\u00e5r de er p\u00e5 messen.\u00a0<\/p>\n<p><strong><u>D\u00e5psattest<\/u><\/strong><u>:<\/u> Dersom barnet ditt ikke er d\u00f8pt i St. Paul kirke, m\u00e5 du levere en kopi av d\u00e5psattesten s\u00e5 snart det er mulig, ved oppstart.<\/p>\n<p><strong><u>Betaling<\/u><\/strong>: Katekeseavgiften er <strong>Kr. 350 for hvert \u00e5r. <\/strong>\u00a0Det dekker undervisningsmateriell, b\u00f8ker, Bibelen, og rosenkrans som barna vil f\u00e5 mot slutten av \u00e5ret. Av disse g\u00e5r 50 kr til medlemsskap i NUK, noe som gir \u00f8kt st\u00f8tte til menighetens katekese og barna f\u00e5r ogs\u00e5 rimeligere NUK-leirer og barnebladet Arken gratis tilsendt. Viktig at dere husker \u00e5 krysse av for godkjenning av medlemsskap.<\/p>\n<p>Avgiften betales til konto: <strong>3624 27 59553 ved p\u00e5melding.<\/strong> Merk giroen med \u201d1. kommunion\u201d og BARNETS FULLE NAVN.<\/p>\n<p>Er det noe du lurer p\u00e5, kontakt katekesekoordinator\u00a0 Reidun Jofrid Kleppestrand, <a href=\"mailto:Reidun.jofrid.kleppestrand@katolsk.no\">Reidun.jofrid.kleppestrand@katolsk.no<\/a> \u00a0eller <a href=\"mailto:katekese.bergen@katolsk.no\">katekese.bergen@katolsk.no<\/a> \u00a0eller p\u00e5 tlf. 55 21 59 56 (408 85\u00a0489)<\/p>\n<p>Vi \u00f8nsker dere og deres barn hjertelig velkommen!<\/p>\n<p>Menigheten tilbyr ogs\u00e5 undervisning til f\u00f8rstekommunion p\u00e5 polsk og litauisk. Opplegget og metode er ikke det samme som skissert ovenfor med Gode-Hyrde-katekese. Er dere interessert i undervisning p\u00e5 disse spr\u00e5kene, ta kontakt med polsk eller litauisk prest, for \u00e5 h\u00f8re mer om hvordan og n\u00e5r undervisningen foreg\u00e5r, og eventuell p\u00e5melding til dem.\u00a0<\/p>\n<h2>P\u00e5melding til f\u00f8rstekommunion 2025-2027 for barn f. 2017 i Sogn og Fjordane:<\/h2>\n<p>Vi inviterer alle barn f\u00f8dt i 2018 til to \u00e5rs forberedelse til sin f\u00f8rste Hellige Kommunion og f\u00f8rste skriftem\u00e5l. Dere kan velge om dere vil ha undervisningen p\u00e5 polsk eller p\u00e5 norsk.<\/p>\n<p>P. Zygmunt har ansvaret for undervisningen p\u00e5 polsk. De som \u00f8nsker det, m\u00e5 kontakte ham for \u00e5 f\u00e5 vite mer om tidspunkt og opplegg og melde seg p\u00e5 direkte til ham, i tillegg til at dere gjerne kan registrere p\u00e5 lenken under. Tlf. 400 36342, <a href=\"mailto:katolicysognfjordane@gmail.com\">katolicysognfjordane@gmail.com<\/a>.<\/p>\n<p>De som \u00f8nsker undervisning p\u00e5 norsk, ta kontakt som under:<\/p>\n<p>Er det noe du lurer p\u00e5, kontakt katekesekoordinator for f\u00f8rstekommunionsundervisningen Reidun Jofrid Kleppestrand, <a href=\"mailto:katekese.bergen@katolsk.no\">katekese.bergen@katolsk.no<\/a> eller p\u00e5 tlf. 55 21 59 56<\/p>\n<p>Vi \u00f8nsker deres barn hjertelig velkommen!<\/p>\n<table style=\"height: 25px;\" width=\"533\">\n<tbody>\n<tr>\n<td width=\"12\">\u00a0<\/td>\n<\/tr>\n<tr>\n<td>\u00a0<\/td>\n<td>\u00a0<\/td>\n<\/tr>\n<\/tbody>\n<\/table>\n\n\n<p><\/p>\n","protected":false},"excerpt":{"rendered":"<p>P\u00e5melding til f\u00f8rstekommunion med oppstart aug\/sept 2025 Forberedelsene til f\u00f8rstekommunion er to\u00e5rig. Barnet kan starte n\u00e5r det g\u00e5r i 2.<\/p>\n","protected":false},"author":1,"featured_media":0,"parent":76,"menu_order":0,"comment_status":"closed","ping_status":"closed","template":"","meta":{"colormag_page_container_layout":"default_layout","colormag_page_sidebar_layout":"default_layout","_exactmetrics_skip_tracking":false,"_exactmetrics_sitenote_active":false,"_exactmetrics_sitenote_note":"","_exactmetrics_sitenote_category":0,"footnotes":""},"class_list":["post-78","page","type-page","status-publish","hentry"],"_links":{"self":[{"href":"https:\/\/bergen.katolsk.no\/index.php?rest_route=\/wp\/v2\/pages\/78","targetHints":{"allow":["GET"]}}],"collection":[{"href":"https:\/\/bergen.katolsk.no\/index.php?rest_route=\/wp\/v2\/pages"}],"about":[{"href":"https:\/\/bergen.katolsk.no\/index.php?rest_route=\/wp\/v2\/types\/page"}],"author":[{"embeddable":true,"href":"https:\/\/bergen.katolsk.no\/index.php?rest_route=\/wp\/v2\/users\/1"}],"replies":[{"embeddable":true,"href":"https:\/\/bergen.katolsk.no\/index.php?rest_route=%2Fwp%2Fv2%2Fcomments&post=78"}],"version-history":[{"count":59,"href":"https:\/\/bergen.katolsk.no\/index.php?rest_route=\/wp\/v2\/pages\/78\/revisions"}],"predecessor-version":[{"id":29591,"href":"https:\/\/bergen.katolsk.no\/index.php?rest_route=\/wp\/v2\/pages\/78\/revisions\/29591"}],"up":[{"embeddable":true,"href":"https:\/\/bergen.katolsk.no\/index.php?rest_route=\/wp\/v2\/pages\/76"}],"wp:attachment":[{"href":"https:\/\/bergen.katolsk.no\/index.php?rest_route=%2Fwp%2Fv2%2Fmedia&parent=78"}],"curies":[{"name":"wp","href":"https:\/\/api.w.org\/{rel}","templated":true}]}}