{"id":80,"date":"2014-10-03T20:42:20","date_gmt":"2014-10-03T20:42:20","guid":{"rendered":"http:\/\/bergen.katolsk.no\/?page_id=80"},"modified":"2025-09-17T15:43:36","modified_gmt":"2025-09-17T15:43:36","slug":"den-gode-hyrde-3-6-ar","status":"publish","type":"page","link":"https:\/\/bergen.katolsk.no\/?page_id=80","title":{"rendered":"Den Gode Hyrde 3-6 \u00e5r og 1. klasse"},"content":{"rendered":"\n<h1 class=\"wp-block-heading\">Den Gode Hyrde&nbsp;katekese<figure><a href=\"http:\/\/bergen.katolsk.no\/wp-content\/uploads\/2014\/10\/gode-hyrde.png\"><img loading=\"lazy\" decoding=\"async\" width=\"154\" height=\"300\" class=\"alignright size-medium wp-image-81\" alt=\"gode hyrde\" src=\"http:\/\/bergen.katolsk.no\/wp-content\/uploads\/2014\/10\/gode-hyrde-154x300.png\" srcset=\"https:\/\/bergen.katolsk.no\/wp-content\/uploads\/2014\/10\/gode-hyrde-154x300.png 154w, https:\/\/bergen.katolsk.no\/wp-content\/uploads\/2014\/10\/gode-hyrde.png 325w\" sizes=\"auto, (max-width: 154px) 100vw, 154px\" \/><\/a><\/figure><\/h1>\n\n\n\n<p>I den gode hyrde katekese f\u00e5r barna hjelp til \u00e5 n\u00e6rme seg Gud og troen i sitt eget tempo. Barna presenteres for sentrale bibelfortellinger, innhold i messen og det liturgiske livet ved hjelp av enkelt og flott materiell som er spesielt laget til sin alder. Barna f\u00e5r bearbeide og arbeide med emnene p\u00e5 ulike m\u00e5ter i et tilrettelagt rom, atriet.<\/p>\n\n\n\n<p>Katekesen bygger p\u00e5 pedagogikken til Maria Montessorri og er utarbeidet av den katolske italienske bibelforskeren Sofia Cavalletti og pedagogen Gianna Gobbi. Katekesen er utbredt i mange katolske menigheter over hele verden, og den er godt utpr\u00f8vd over mange ti\u00e5r.<\/p>\n\n\n\n<h3 class=\"wp-block-heading\">Gruppe for 3-6 \u00e5ringer<\/h3>\n\n\n\n<h3 class=\"wp-block-heading\">Ta kontakt om du er interessert at ditt barn skal starte.<\/h3>\n\n\n\n<p><\/p>\n\n\n\n<p><\/p>\n\n\n\n<p><\/p>\n\n\n\n<p><\/p>\n\n\n\n<h4 class=\"wp-block-heading\"><\/h4>\n\n\n\n<p><\/p>\n\n\n\n<p>Barna m\u00f8tes i grupper p\u00e5 ca 8 barn i opptil 2 timer. Gruppen samles omtrent annenhver uke i atriet i Mariparken i Nylandsveien 26. Datoer blir gitt etter hvert. Ny oppstart h\u00f8sten 2025. I p\u00e5meldingsskjemaet vil dere finne alternative tidspunkt \u00e5 velge mellom.<\/p>\n\n\n\n<p>Katekesen koster 250 kr. Betal inn p\u00e5 kontonr 3624.27.59553 etter at du har meldt p\u00e5 og f\u00e5tt plass i en gruppe.<\/p>\n\n\n\n<p>Trenger du mer informasjon, kan du kontakte <span style=\"display: inline !important; float: none; background-color: #ffffff; color: #191e23; cursor: text; font-family: 'Noto Serif'; font-size: 16px; font-style: normal; font-variant: normal; font-weight: 400; letter-spacing: normal; orphans: 2; text-align: left; text-decoration: none; text-indent: 0px; text-transform: none; -webkit-text-stroke-width: 0px; white-space: normal; word-spacing: 0px;\">katekesekoordinator Reidun Jofrid Kleppestrand: reidun.jofrid.kleppestrand@katolsk.no<\/span><\/p>\n\n\n\n<p><\/p>\n\n\n\n<h3 class=\"wp-block-heading\">Ta kontakt om du \u00f8nsker plass for ditt barn i en gruppe.<\/h3>\n\n\n\n<p><\/p>\n\n\n\n<h4 class=\"wp-block-heading\"><\/h4>\n\n\n\n<p><\/p>\n\n\n\n<p>Her m\u00f8ter barna <strong>omtrent annenhver l\u00f8rdag<\/strong> <strong>til en samling p\u00e5 ca 2 timer p\u00e5&nbsp;Marias Minde, Nylandsveien 31 i Ytre Sandviken. I p\u00e5meldingsskjemaet krysser dere av for \u00f8nsket tidspunkt: L\u00f8rdag 10-12 .30 eller  12-14.30, s\u00f8ndag 10-13 eller tirsd 17-19<\/strong>.30. 1.klassingene vil g\u00e5 p\u00e5 gruppe som er for 1-3 klasse, alts\u00e5 aldersblandet gruppe. <\/p>\n\n\n\n<p><span style=\"display: inline !important; float: none; background-color: #ffffff; color: #191e23; cursor: text; font-family: 'Noto Serif'; font-size: 16px; font-style: normal; font-variant: normal; font-weight: 400; letter-spacing: normal; orphans: 2; text-align: left; text-decoration: none; text-indent: 0px; text-transform: none; -webkit-text-stroke-width: 0px; white-space: normal; word-spacing: 0px;\">Katekesen koster 250 kr. Betal inn p\u00e5 kontonr 3624.27.59553 etter at du har meldt p\u00e5 og f\u00e5tt plass i en gruppe.<\/span><\/p>\n\n\n\n<p><span style=\"display: inline !important; float: none; background-color: #ffffff; color: #191e23; cursor: text; font-family: 'Noto Serif'; font-size: 16px; font-style: normal; font-variant: normal; font-weight: 400; letter-spacing: normal; orphans: 2; text-align: left; text-decoration: none; text-indent: 0px; text-transform: none; -webkit-text-stroke-width: 0px; white-space: normal; word-spacing: 0px;\">Trenger du mer informasjon, kan du kontakte <\/span>katekesekoordinator Reidun Jofrid Kleppestrand: <span style=\"display: inline !important; float: none; background-color: #ffffff; color: #191e23; cursor: text; font-family: 'Noto Serif'; font-size: 16px; font-style: normal; font-variant: normal; font-weight: 400; letter-spacing: normal; orphans: 2; text-align: left; text-decoration: none; text-indent: 0px; text-transform: none; -webkit-text-stroke-width: 0px; white-space: normal; word-spacing: 0px;\">reidun.jofrid.kleppestrand@katolsk.no<\/span><\/p>\n\n\n\n<p><span style=\"color: #333333; font-family: Oswald, Arial, Helvetica, sans-serif; font-size: 18px;\">&nbsp;<\/span><\/p>\n","protected":false},"excerpt":{"rendered":"<p>Den Gode Hyrde&nbsp;katekese I den gode hyrde katekese f\u00e5r barna hjelp til \u00e5 n\u00e6rme seg Gud og troen i sitt<\/p>\n","protected":false},"author":1,"featured_media":0,"parent":76,"menu_order":0,"comment_status":"closed","ping_status":"closed","template":"","meta":{"colormag_page_container_layout":"default_layout","colormag_page_sidebar_layout":"default_layout","_exactmetrics_skip_tracking":false,"_exactmetrics_sitenote_active":false,"_exactmetrics_sitenote_note":"","_exactmetrics_sitenote_category":0,"footnotes":""},"class_list":["post-80","page","type-page","status-publish","hentry"],"_links":{"self":[{"href":"https:\/\/bergen.katolsk.no\/index.php?rest_route=\/wp\/v2\/pages\/80","targetHints":{"allow":["GET"]}}],"collection":[{"href":"https:\/\/bergen.katolsk.no\/index.php?rest_route=\/wp\/v2\/pages"}],"about":[{"href":"https:\/\/bergen.katolsk.no\/index.php?rest_route=\/wp\/v2\/types\/page"}],"author":[{"embeddable":true,"href":"https:\/\/bergen.katolsk.no\/index.php?rest_route=\/wp\/v2\/users\/1"}],"replies":[{"embeddable":true,"href":"https:\/\/bergen.katolsk.no\/index.php?rest_route=%2Fwp%2Fv2%2Fcomments&post=80"}],"version-history":[{"count":32,"href":"https:\/\/bergen.katolsk.no\/index.php?rest_route=\/wp\/v2\/pages\/80\/revisions"}],"predecessor-version":[{"id":29586,"href":"https:\/\/bergen.katolsk.no\/index.php?rest_route=\/wp\/v2\/pages\/80\/revisions\/29586"}],"up":[{"embeddable":true,"href":"https:\/\/bergen.katolsk.no\/index.php?rest_route=\/wp\/v2\/pages\/76"}],"wp:attachment":[{"href":"https:\/\/bergen.katolsk.no\/index.php?rest_route=%2Fwp%2Fv2%2Fmedia&parent=80"}],"curies":[{"name":"wp","href":"https:\/\/api.w.org\/{rel}","templated":true}]}}