{"id":83,"date":"2014-10-03T20:42:42","date_gmt":"2014-10-03T20:42:42","guid":{"rendered":"http:\/\/bergen.katolsk.no\/?page_id=83"},"modified":"2019-08-09T12:16:10","modified_gmt":"2019-08-09T12:16:10","slug":"evangelieforklaring","status":"publish","type":"page","link":"https:\/\/bergen.katolsk.no\/?page_id=83","title":{"rendered":"Evangelieforklaring"},"content":{"rendered":"\n<div class=\"wp-block-image\"><figure class=\"alignleft is-resized\"><img loading=\"lazy\" decoding=\"async\" src=\"http:\/\/bergen.katolsk.no\/wp-content\/uploads\/2019\/08\/IMG_0145b.jpeg\" alt=\"\" class=\"wp-image-11804\" width=\"386\" height=\"257\" srcset=\"https:\/\/bergen.katolsk.no\/wp-content\/uploads\/2019\/08\/IMG_0145b.jpeg 922w, https:\/\/bergen.katolsk.no\/wp-content\/uploads\/2019\/08\/IMG_0145b-300x200.jpeg 300w, https:\/\/bergen.katolsk.no\/wp-content\/uploads\/2019\/08\/IMG_0145b-768x512.jpeg 768w\" sizes=\"auto, (max-width: 386px) 100vw, 386px\" \/><\/figure><\/div>\n\n\n<p>Det er evangelieforklaring\/ s\u00f8ndagsskole for barn under hver s\u00f8ndagsmesse kl. 11.&nbsp; Barna g\u00e5r ut av kirken like f\u00f8r evangelielesning og kommer tilbake f\u00f8r messens slutt.<\/p>","protected":false},"excerpt":{"rendered":"<p>Det er evangelieforklaring\/ s\u00f8ndagsskole for barn under hver s\u00f8ndagsmesse kl. 11.&nbsp; Barna g\u00e5r ut av kirken like f\u00f8r evangelielesning og<\/p>\n","protected":false},"author":1,"featured_media":0,"parent":76,"menu_order":0,"comment_status":"closed","ping_status":"closed","template":"","meta":{"colormag_page_container_layout":"default_layout","colormag_page_sidebar_layout":"default_layout","_exactmetrics_skip_tracking":false,"_exactmetrics_sitenote_active":false,"_exactmetrics_sitenote_note":"","_exactmetrics_sitenote_category":0,"footnotes":""},"class_list":["post-83","page","type-page","status-publish","hentry"],"_links":{"self":[{"href":"https:\/\/bergen.katolsk.no\/index.php?rest_route=\/wp\/v2\/pages\/83","targetHints":{"allow":["GET"]}}],"collection":[{"href":"https:\/\/bergen.katolsk.no\/index.php?rest_route=\/wp\/v2\/pages"}],"about":[{"href":"https:\/\/bergen.katolsk.no\/index.php?rest_route=\/wp\/v2\/types\/page"}],"author":[{"embeddable":true,"href":"https:\/\/bergen.katolsk.no\/index.php?rest_route=\/wp\/v2\/users\/1"}],"replies":[{"embeddable":true,"href":"https:\/\/bergen.katolsk.no\/index.php?rest_route=%2Fwp%2Fv2%2Fcomments&post=83"}],"version-history":[{"count":2,"href":"https:\/\/bergen.katolsk.no\/index.php?rest_route=\/wp\/v2\/pages\/83\/revisions"}],"predecessor-version":[{"id":11806,"href":"https:\/\/bergen.katolsk.no\/index.php?rest_route=\/wp\/v2\/pages\/83\/revisions\/11806"}],"up":[{"embeddable":true,"href":"https:\/\/bergen.katolsk.no\/index.php?rest_route=\/wp\/v2\/pages\/76"}],"wp:attachment":[{"href":"https:\/\/bergen.katolsk.no\/index.php?rest_route=%2Fwp%2Fv2%2Fmedia&parent=83"}],"curies":[{"name":"wp","href":"https:\/\/api.w.org\/{rel}","templated":true}]}}