{"id":85,"date":"2014-10-03T20:43:27","date_gmt":"2014-10-03T20:43:27","guid":{"rendered":"http:\/\/bergen.katolsk.no\/?page_id=85"},"modified":"2025-09-17T15:46:18","modified_gmt":"2025-09-17T15:46:18","slug":"junior-4-5-klasse","status":"publish","type":"page","link":"https:\/\/bergen.katolsk.no\/?page_id=85","title":{"rendered":"Den Gode Hyrde (4.-7. klasse)"},"content":{"rendered":"\n<h3 class=\"wp-block-heading\">Gode Hyrde 4.-7. klasse<\/h3>\n\n\n\n<p>I denne gruppen fortsetter vi \u00e5 arbeide med Den Gode Hyrde katekese, som barna kjenner litt fra f\u00f8r.<\/p>\n\n\n\n<p>Gruppen er delvis koblet sammen med ministrantlaget, slik at de som \u00f8nsker \u00e5 l\u00e6re mer om ministrering, kan f\u00e5 gj\u00f8re det gjennom denne katekesegruppen.<\/p>\n\n\n\n<p>Samlinger fra h\u00f8sten 2025, er:<\/p>\n\n\n\n<p>F\u00f8rste l\u00f8rdag i m\u00e5neden i Krypten i St Paul kirke, sammen med ministrantlaget, kl 15.17.30<br>Tredje l\u00f8rdag i m\u00e5neden p\u00e5 Marias Minde kl 12-14.45, med Gode Hyrde niv\u00e5 3.<\/p>\n\n\n\n<p>Ta kontakt om du \u00f8nsker plass i denne gruppen.<\/p>\n\n\n\n<p>For mer informasjon, kontakt katekesekoordinator<br>Reidun Jofrid Kleppestrand<br>reidun.jofrid.kleppestrand@katolsk.no<br>tlf: <a href=\"tel:98%2085%2004%2088\">55<\/a> 21 59 56\/ 408 85 489<\/p>\n\n\n\n<p><\/p>\n","protected":false},"excerpt":{"rendered":"<p>Gode Hyrde 4.-7. klasse I denne gruppen fortsetter vi \u00e5 arbeide med Den Gode Hyrde katekese, som barna kjenner litt<\/p>\n","protected":false},"author":1,"featured_media":0,"parent":76,"menu_order":0,"comment_status":"closed","ping_status":"closed","template":"","meta":{"colormag_page_container_layout":"default_layout","colormag_page_sidebar_layout":"default_layout","_exactmetrics_skip_tracking":false,"_exactmetrics_sitenote_active":false,"_exactmetrics_sitenote_note":"","_exactmetrics_sitenote_category":0,"footnotes":""},"class_list":["post-85","page","type-page","status-publish","hentry"],"_links":{"self":[{"href":"https:\/\/bergen.katolsk.no\/index.php?rest_route=\/wp\/v2\/pages\/85","targetHints":{"allow":["GET"]}}],"collection":[{"href":"https:\/\/bergen.katolsk.no\/index.php?rest_route=\/wp\/v2\/pages"}],"about":[{"href":"https:\/\/bergen.katolsk.no\/index.php?rest_route=\/wp\/v2\/types\/page"}],"author":[{"embeddable":true,"href":"https:\/\/bergen.katolsk.no\/index.php?rest_route=\/wp\/v2\/users\/1"}],"replies":[{"embeddable":true,"href":"https:\/\/bergen.katolsk.no\/index.php?rest_route=%2Fwp%2Fv2%2Fcomments&post=85"}],"version-history":[{"count":22,"href":"https:\/\/bergen.katolsk.no\/index.php?rest_route=\/wp\/v2\/pages\/85\/revisions"}],"predecessor-version":[{"id":29589,"href":"https:\/\/bergen.katolsk.no\/index.php?rest_route=\/wp\/v2\/pages\/85\/revisions\/29589"}],"up":[{"embeddable":true,"href":"https:\/\/bergen.katolsk.no\/index.php?rest_route=\/wp\/v2\/pages\/76"}],"wp:attachment":[{"href":"https:\/\/bergen.katolsk.no\/index.php?rest_route=%2Fwp%2Fv2%2Fmedia&parent=85"}],"curies":[{"name":"wp","href":"https:\/\/api.w.org\/{rel}","templated":true}]}}