{"id":8745,"date":"2018-10-05T12:13:51","date_gmt":"2018-10-05T12:13:51","guid":{"rendered":"http:\/\/bergen.katolsk.no\/?page_id=8745"},"modified":"2024-06-07T20:05:22","modified_gmt":"2024-06-07T20:05:22","slug":"olavsgildet","status":"publish","type":"page","link":"https:\/\/bergen.katolsk.no\/?page_id=8745","title":{"rendered":"Olavsgildet"},"content":{"rendered":"<h3><a href=\"http:\/\/bergen.katolsk.no\/wp-content\/uploads\/2014\/10\/st-olav.jpg\"><img loading=\"lazy\" decoding=\"async\" class=\"alignleft size-full wp-image-343\" src=\"http:\/\/bergen.katolsk.no\/wp-content\/uploads\/2014\/10\/st-olav.jpg\" alt=\"st olav\" width=\"308\" height=\"432\" srcset=\"https:\/\/bergen.katolsk.no\/wp-content\/uploads\/2014\/10\/st-olav.jpg 308w, https:\/\/bergen.katolsk.no\/wp-content\/uploads\/2014\/10\/st-olav-213x300.jpg 213w\" sizes=\"auto, (max-width: 308px) 100vw, 308px\" \/><\/a><\/h3>\n<h3>Styret i Olavsgildet<\/h3>\n<p>Stig F. Samn\u00f8y (leder) <a href=\"mailto:stig.samnoy@hotmail.no\">stig.samnoy@hotmail.no<\/a><\/p>\n<p>Lars G. Nygaard\u00a0<a href=\"mailto:lars@hrn.no\">lars@hrn.no<\/a><\/p>\n<p>Anne-Britt H\u00f8ibye <a href=\"mailto:annebritthoibye@gmail.com\">annebritthoibye@gmail.com<\/a><\/p>\n<p>\u00d8ivind Hundal <a href=\"mailto:oihundal@gmail.com\">oihundal@gmail.com<\/a><\/p>\n<p>For \u00e5 bli medlem i Olavsgildet send e-post til <a href=\"mailto:olavsgildet@gmail.com\"> olavsgildet@gmail.com<\/a>.<\/p>\n<h3><a href=\"https:\/\/www.facebook.com\/groups\/251663995501840\/\" target=\"_blank\" rel=\"noopener noreferrer\"><img loading=\"lazy\" decoding=\"async\" class=\"alignleft wp-image-202\" src=\"http:\/\/bergen.katolsk.no\/wp-content\/uploads\/2014\/10\/facebook-logo-150x150.png\" alt=\"facebook-logo\" width=\"50\" height=\"50\" srcset=\"https:\/\/bergen.katolsk.no\/wp-content\/uploads\/2014\/10\/facebook-logo-150x150.png 150w, https:\/\/bergen.katolsk.no\/wp-content\/uploads\/2014\/10\/facebook-logo.png 256w\" sizes=\"auto, (max-width: 50px) 100vw, 50px\" \/><\/a><\/h3>\n<h3><\/h3>\n<h3>Olavsgildet er ogs\u00e5 p\u00e5 Facebook, klikk <a title=\"her.\" href=\"https:\/\/www.facebook.com\/groups\/251663995501840\/\" target=\"_blank\" rel=\"noopener noreferrer\">her.<\/a><\/h3>\n<h3>Plattform for Olavsgildet<\/h3>\n<p>Navn og hensikt: Olavsgildet har tatt navn og hensikt etter middelalderens gilder, og Norges evige konge, Den hellige Olav. Gildene ble innf\u00f8rt i Norge av kong Olav III Haraldsson Kyrre (1050 &#8211; 1093. Konge 1067 &#8211; 1093) Gildene var foreninger eller selskap p\u00e5 katolsk, kristelig grunnlag som holdt sammenskuddslag til nytte og glede for medlemmene.<\/p>\n<p>Det moderne gildet: Olavsgildet er et selskap eller forening i menigheten, etter kirkerettens kanoniske lov om menighetsforeninger. Se vedtekter for Olavsgildet.<\/p>\n<p>Olavsgildets trosgrunnlag: Olavsgildet tror det Kirken tror, l\u00e6rer og forkynner.<\/p>\n<p>Olavsgildets hensikter og aktiviteter: I middelaldergildets \u00e5nd vil Olavsgildet v\u00e6re b\u00e5de en sosial og \u00e5ndelig forening hvor medlemmene etter evne tar vare p\u00e5 hverandre, og f\u00e5r mulighet til \u00e5ndelig fordypelse, og en sosial, samlende plattform og m\u00f8teplass. Olavsgildet vil oppfordre sine medlemmer til \u00e5 delta aktivt i menigheten. Alt etter den enkelte medlems stasjon i livet, er det fullt mulig \u00e5 v\u00e6re et passivt medlem som begrenser seg til \u00e5 betale \u00e5rlig medlemskontingent.<\/p>\n<p>Olavsgildet er ogs\u00e5 en sosial plattform hvor medlemmene kan ta med sine ikke-katolske familiemedlemmer og venner, s\u00e5 disse kan bli kjent med Kirken, katolske skikker og helligdager, sosialt som \u00e5ndelig.<\/p>\n<p>Olavsgildet skal v\u00e6re en akt\u00f8r i menigheten som bidrar med \u00e5 fremme norske katolske tradisjoner, s\u00e5 som \u00e5 danne gilder og \u00e5 v\u00e6re medlem av disse, og fremme norske helgener og deres tradisjoner. Gildet vil s\u00f8ke \u00e5 hente bildetradisjoner, musikk og annet fra norsk og europeisk katolsk historie og tradisjon.<\/p>\n<p>Olavsgildet vil ha\/opprette, et internt akademi i gildet som vil bidra med muligheter for fordypelse i troen, og \u00e5 l\u00e6re mer om katolisismens historie i Norge og Europa for \u00f8vrig, den tidligere og n\u00e5tidige tradisjon og praksis. Dette er ment som et supplement til sogneprestens kurs i Kirkens dogma og katekisme.<\/p>\n<p>Olavsgildet vil etter evne v\u00e6re seg sitt misjonsoppdrag bevisst.<\/p>\n<h4>Statuttene for Olavsgildet finnes her:<\/h4>\n<p><a href=\"http:\/\/bergen@bergen.katolsk.no\/wp_documents\/Statutter for Olavsgildet.pdf\" target=\"_blank\" rel=\"noopener noreferrer\">Statutter for Olavsgildet<\/a><\/p>\n","protected":false},"excerpt":{"rendered":"<p>Styret i Olavsgildet Stig F. Samn\u00f8y (leder) stig.samnoy@hotmail.no Lars G. Nygaard\u00a0lars@hrn.no Anne-Britt H\u00f8ibye annebritthoibye@gmail.com \u00d8ivind Hundal oihundal@gmail.com For \u00e5 bli<\/p>\n","protected":false},"author":6,"featured_media":0,"parent":0,"menu_order":0,"comment_status":"closed","ping_status":"closed","template":"","meta":{"colormag_page_container_layout":"default_layout","colormag_page_sidebar_layout":"default_layout","_exactmetrics_skip_tracking":false,"_exactmetrics_sitenote_active":false,"_exactmetrics_sitenote_note":"","_exactmetrics_sitenote_category":0,"footnotes":""},"class_list":["post-8745","page","type-page","status-publish","hentry"],"_links":{"self":[{"href":"https:\/\/bergen.katolsk.no\/index.php?rest_route=\/wp\/v2\/pages\/8745","targetHints":{"allow":["GET"]}}],"collection":[{"href":"https:\/\/bergen.katolsk.no\/index.php?rest_route=\/wp\/v2\/pages"}],"about":[{"href":"https:\/\/bergen.katolsk.no\/index.php?rest_route=\/wp\/v2\/types\/page"}],"author":[{"embeddable":true,"href":"https:\/\/bergen.katolsk.no\/index.php?rest_route=\/wp\/v2\/users\/6"}],"replies":[{"embeddable":true,"href":"https:\/\/bergen.katolsk.no\/index.php?rest_route=%2Fwp%2Fv2%2Fcomments&post=8745"}],"version-history":[{"count":16,"href":"https:\/\/bergen.katolsk.no\/index.php?rest_route=\/wp\/v2\/pages\/8745\/revisions"}],"predecessor-version":[{"id":19864,"href":"https:\/\/bergen.katolsk.no\/index.php?rest_route=\/wp\/v2\/pages\/8745\/revisions\/19864"}],"wp:attachment":[{"href":"https:\/\/bergen.katolsk.no\/index.php?rest_route=%2Fwp%2Fv2%2Fmedia&parent=8745"}],"curies":[{"name":"wp","href":"https:\/\/api.w.org\/{rel}","templated":true}]}}