{"id":876,"date":"2015-01-30T18:28:51","date_gmt":"2015-01-30T18:28:51","guid":{"rendered":"http:\/\/bergen.katolsk.no\/?page_id=876"},"modified":"2026-04-24T13:36:15","modified_gmt":"2026-04-24T13:36:15","slug":"st-paul-pa-polsk","status":"publish","type":"page","link":"https:\/\/bergen.katolsk.no\/?page_id=876","title":{"rendered":"Rzymsko-katolicka parafia \u015aw. Paw\u0142a"},"content":{"rendered":"<p><strong>Kancelaria parafialna<\/strong> czynna jest w nast\u0119puj\u0105cych dniach i godzinach \u00a010.00-15.00<br \/>\nAdres parafii: <strong>Nyg\u00e5rdsgaten 3, 5015 Bergen<\/strong><br \/>\nTlf. 55 21 59 50<\/p>\n<p>Poza godzinami pracy kancelarii telefony s\u0105 przekierowywane do dy\u017curuj\u0105cego ksi\u0119dza.<\/p>\n<p>E-post (j\u0119z. norweski, angielski): <a href=\"mailto:bergen@katolsk.no\" target=\"_blank\" rel=\"noopener noreferrer\">bergen@katolsk.no<\/a><\/p>\n<p>Godziny Mszy \u015bw:<br \/>\n<strong>W ko\u015bciele \u015aw.Paw\u0142a<\/strong><\/p>\n<p>Niedziela: o \u00a09:00<\/p>\n<p>SUMA o 11:00,<\/p>\n<p>13.00 (w czasie roku szkolnego 1sza niedziela dla dzieci, 2ga niedziela. po wietnamsku, 3 cia po hiszpansku, 4ta po tamilsku)<\/p>\n<p>15:00 po polsku<\/p>\n<p>18:00, po angielsku<\/p>\n<p>19:30 po polsku<br \/>\n<strong>Sobota<\/strong>: 18:00, po \u0142acinie lub tagalog<\/p>\n<p>W kazda sobote Msza sw. w j. polskim o 19.30<\/p>\n<p><strong>Poniedzia\u0142ek &#8211; pi\u0105tek: 19:00<\/strong><\/p>\n<p>Poniedzialek po tamilsk, wtorek po norwesku, \u015aroda po wietnamsku, czwartek po norwesku, pi\u0105tek 1szy po polsku, 2,3,4 po norwesku<\/p>\n<p><strong>\u00a0W klasztorze na Marias Minde Nylandsveiene 31<\/strong><\/p>\n<p>Sobota, niedziela, poniedzia\u0142ek o godz 10.00 \/ po norwesku<\/p>\n<p>W kazd\u0105 niedziel\u0105 o 12.00 po polsku<\/p>\n<p>Wtorek- pi\u0105tek o 9.00 po norwesku<\/p>\n<p><strong>Wi\u0119cej informacji na stronie internetowej parafii w j\u0119zyku polskim: <a href=\"http:\/\/www.bergenpol.com\" target=\"_blank\" rel=\"noopener noreferrer\">www.bergenpol.com<\/a><\/strong><\/p>\n<p>A dla Sogn og Fjordane\u00a0https:\/\/katolicysognfjordane.parafialnastrona.pl<\/p>\n<p>Cz\u0119\u015bci sta\u0142e Mszy \u015awi\u0119tej w j\u0119zyku polskim i norweskim znajduj\u0105 si\u0119 <a href=\"http:\/\/www.katolsk.no\/praksis\/messen\/parallell\/no-pl.pdf\/view\" target=\"_blank\" rel=\"noopener noreferrer\">tutaj.<\/a><\/p>\n","protected":false},"excerpt":{"rendered":"<p>Kancelaria parafialna czynna jest w nast\u0119puj\u0105cych dniach i godzinach \u00a010.00-15.00 Adres parafii: Nyg\u00e5rdsgaten 3, 5015 Bergen Tlf. 55 21 59<\/p>\n","protected":false},"author":1,"featured_media":0,"parent":0,"menu_order":0,"comment_status":"closed","ping_status":"closed","template":"","meta":{"colormag_page_container_layout":"default_layout","colormag_page_sidebar_layout":"default_layout","_exactmetrics_skip_tracking":false,"_exactmetrics_sitenote_active":false,"_exactmetrics_sitenote_note":"","_exactmetrics_sitenote_category":0,"footnotes":""},"class_list":["post-876","page","type-page","status-publish","hentry"],"_links":{"self":[{"href":"https:\/\/bergen.katolsk.no\/index.php?rest_route=\/wp\/v2\/pages\/876","targetHints":{"allow":["GET"]}}],"collection":[{"href":"https:\/\/bergen.katolsk.no\/index.php?rest_route=\/wp\/v2\/pages"}],"about":[{"href":"https:\/\/bergen.katolsk.no\/index.php?rest_route=\/wp\/v2\/types\/page"}],"author":[{"embeddable":true,"href":"https:\/\/bergen.katolsk.no\/index.php?rest_route=\/wp\/v2\/users\/1"}],"replies":[{"embeddable":true,"href":"https:\/\/bergen.katolsk.no\/index.php?rest_route=%2Fwp%2Fv2%2Fcomments&post=876"}],"version-history":[{"count":15,"href":"https:\/\/bergen.katolsk.no\/index.php?rest_route=\/wp\/v2\/pages\/876\/revisions"}],"predecessor-version":[{"id":30429,"href":"https:\/\/bergen.katolsk.no\/index.php?rest_route=\/wp\/v2\/pages\/876\/revisions\/30429"}],"wp:attachment":[{"href":"https:\/\/bergen.katolsk.no\/index.php?rest_route=%2Fwp%2Fv2%2Fmedia&parent=876"}],"curies":[{"name":"wp","href":"https:\/\/api.w.org\/{rel}","templated":true}]}}